{"id":2,"date":"2020-12-18T17:53:00","date_gmt":"2020-12-18T17:53:00","guid":{"rendered":"http:\/\/getreall.clicksend.com.mx\/megalabel\/?page_id=2"},"modified":"2022-08-22T17:15:55","modified_gmt":"2022-08-22T22:15:55","slug":"home","status":"publish","type":"page","link":"https:\/\/getreall.clicksend.com.mx\/megalabel\/","title":{"rendered":"Impresi\u00f3n de etiquetas y c\u00f3digos de barras"},"content":{"rendered":"\r\n<p><strong>MEGA LABEL S.A. de C.V., <\/strong>empresa 100% mexicana con 24 a\u00f1os de experiencia en el desarrollo, fabricaci\u00f3n y distribuci\u00f3n de impresi\u00f3n de etiquetas que se adapta a las necesidades de cada negocio. Nuestro principal objetivo es alcanzar el liderazgo en el \u00e1rea de la impresi\u00f3n flexogr\u00e1fica basados en la filosof\u00eda de <strong>Satisfacci\u00f3n total en tiempo y calidad de nuestros servicios.<\/strong><\/p>\r\n","protected":false},"excerpt":{"rendered":"<p>MEGA LABEL S.A. de C.V., empresa 100% mexicana con 24 a\u00f1os de experiencia en el desarrollo, fabricaci\u00f3n y distribuci\u00f3n de impresi\u00f3n de etiquetas que se adapta a las necesidades de cada negocio. Nuestro principal objetivo es alcanzar el liderazgo en el \u00e1rea de la impresi\u00f3n flexogr\u00e1fica basados en la filosof\u00eda de Satisfacci\u00f3n total en tiempo [&hellip;]<\/p>\n","protected":false},"author":1,"featured_media":0,"parent":0,"menu_order":0,"comment_status":"closed","ping_status":"open","template":"","meta":{"footnotes":""},"class_list":["post-2","page","type-page","status-publish","hentry"],"yoast_head":"<!-- This site is optimized with the Yoast SEO plugin v19.6 - https:\/\/yoast.com\/wordpress\/plugins\/seo\/ -->\n<title>Impresi\u00f3n de etiquetas y c\u00f3digos de barras - MegaLabel<\/title>\n<meta name=\"description\" content=\"\u00bfQuieres imprimir etiquetas de alta calidad? Descubre por qu\u00e9 somos tu mejor opci\u00f3n. Ofrecemos etiquetas adhesivas impresas para cualquier aplicaci\u00f3n industrial\" \/>\n<meta name=\"robots\" content=\"index, follow, max-snippet:-1, max-image-preview:large, max-video-preview:-1\" \/>\n<link rel=\"canonical\" href=\"https:\/\/getreall.clicksend.com.mx\/megalabel\/\" \/>\n<meta property=\"og:locale\" content=\"es_MX\" \/>\n<meta property=\"og:type\" content=\"article\" \/>\n<meta property=\"og:title\" content=\"Impresi\u00f3n de etiquetas y c\u00f3digos de barras - MegaLabel\" \/>\n<meta property=\"og:description\" content=\"\u00bfQuieres imprimir etiquetas de alta calidad? Descubre por qu\u00e9 somos tu mejor opci\u00f3n. Ofrecemos etiquetas adhesivas impresas para cualquier aplicaci\u00f3n industrial\" \/>\n<meta property=\"og:url\" content=\"https:\/\/getreall.clicksend.com.mx\/megalabel\/\" \/>\n<meta property=\"og:site_name\" content=\"MegaLabel\" \/>\n<meta property=\"article:modified_time\" content=\"2022-08-22T22:15:55+00:00\" \/>\n<meta name=\"twitter:card\" content=\"summary_large_image\" \/>\n<meta name=\"twitter:label1\" content=\"Tiempo de lectura\" \/>\n\t<meta name=\"twitter:data1\" content=\"1 minuto\" \/>\n<script type=\"application\/ld+json\" class=\"yoast-schema-graph\">{\"@context\":\"https:\/\/schema.org\",\"@graph\":[{\"@type\":\"WebPage\",\"@id\":\"https:\/\/getreall.clicksend.com.mx\/megalabel\/\",\"url\":\"https:\/\/getreall.clicksend.com.mx\/megalabel\/\",\"name\":\"Impresi\u00f3n de etiquetas y c\u00f3digos de barras - MegaLabel\",\"isPartOf\":{\"@id\":\"https:\/\/getreall.clicksend.com.mx\/megalabel\/#website\"},\"datePublished\":\"2020-12-18T17:53:00+00:00\",\"dateModified\":\"2022-08-22T22:15:55+00:00\",\"description\":\"\u00bfQuieres imprimir etiquetas de alta calidad? Descubre por qu\u00e9 somos tu mejor opci\u00f3n. Ofrecemos etiquetas adhesivas impresas para cualquier aplicaci\u00f3n industrial\",\"breadcrumb\":{\"@id\":\"https:\/\/getreall.clicksend.com.mx\/megalabel\/#breadcrumb\"},\"inLanguage\":\"es\",\"potentialAction\":[{\"@type\":\"ReadAction\",\"target\":[\"https:\/\/getreall.clicksend.com.mx\/megalabel\/\"]}]},{\"@type\":\"BreadcrumbList\",\"@id\":\"https:\/\/getreall.clicksend.com.mx\/megalabel\/#breadcrumb\",\"itemListElement\":[{\"@type\":\"ListItem\",\"position\":1,\"name\":\"Inicio\",\"item\":\"https:\/\/getreall.clicksend.com.mx\/megalabel\/\"},{\"@type\":\"ListItem\",\"position\":2,\"name\":\"Impresi\u00f3n de etiquetas y c\u00f3digos de barras\"}]},{\"@type\":\"WebSite\",\"@id\":\"https:\/\/getreall.clicksend.com.mx\/megalabel\/#website\",\"url\":\"https:\/\/getreall.clicksend.com.mx\/megalabel\/\",\"name\":\"MegaLabel\",\"description\":\"\",\"publisher\":{\"@id\":\"https:\/\/getreall.clicksend.com.mx\/megalabel\/#organization\"},\"potentialAction\":[{\"@type\":\"SearchAction\",\"target\":{\"@type\":\"EntryPoint\",\"urlTemplate\":\"https:\/\/getreall.clicksend.com.mx\/megalabel\/?s={search_term_string}\"},\"query-input\":\"required name=search_term_string\"}],\"inLanguage\":\"es\"},{\"@type\":\"Organization\",\"@id\":\"https:\/\/getreall.clicksend.com.mx\/megalabel\/#organization\",\"name\":\"MegaLabel\",\"url\":\"https:\/\/getreall.clicksend.com.mx\/megalabel\/\",\"sameAs\":[],\"logo\":{\"@type\":\"ImageObject\",\"inLanguage\":\"es\",\"@id\":\"https:\/\/getreall.clicksend.com.mx\/megalabel\/#\/schema\/logo\/image\/\",\"url\":\"https:\/\/getreall.clicksend.com.mx\/megalabel\/wp-content\/uploads\/2021\/03\/logo-megalabel.svg\",\"contentUrl\":\"https:\/\/getreall.clicksend.com.mx\/megalabel\/wp-content\/uploads\/2021\/03\/logo-megalabel.svg\",\"width\":136,\"height\":48,\"caption\":\"MegaLabel\"},\"image\":{\"@id\":\"https:\/\/getreall.clicksend.com.mx\/megalabel\/#\/schema\/logo\/image\/\"}}]}<\/script>\n<!-- \/ Yoast SEO plugin. -->","yoast_head_json":{"title":"Impresi\u00f3n de etiquetas y c\u00f3digos de barras - MegaLabel","description":"\u00bfQuieres imprimir etiquetas de alta calidad? Descubre por qu\u00e9 somos tu mejor opci\u00f3n. Ofrecemos etiquetas adhesivas impresas para cualquier aplicaci\u00f3n industrial","robots":{"index":"index","follow":"follow","max-snippet":"max-snippet:-1","max-image-preview":"max-image-preview:large","max-video-preview":"max-video-preview:-1"},"canonical":"https:\/\/getreall.clicksend.com.mx\/megalabel\/","og_locale":"es_MX","og_type":"article","og_title":"Impresi\u00f3n de etiquetas y c\u00f3digos de barras - MegaLabel","og_description":"\u00bfQuieres imprimir etiquetas de alta calidad? Descubre por qu\u00e9 somos tu mejor opci\u00f3n. Ofrecemos etiquetas adhesivas impresas para cualquier aplicaci\u00f3n industrial","og_url":"https:\/\/getreall.clicksend.com.mx\/megalabel\/","og_site_name":"MegaLabel","article_modified_time":"2022-08-22T22:15:55+00:00","twitter_card":"summary_large_image","twitter_misc":{"Tiempo de lectura":"1 minuto"},"schema":{"@context":"https:\/\/schema.org","@graph":[{"@type":"WebPage","@id":"https:\/\/getreall.clicksend.com.mx\/megalabel\/","url":"https:\/\/getreall.clicksend.com.mx\/megalabel\/","name":"Impresi\u00f3n de etiquetas y c\u00f3digos de barras - MegaLabel","isPartOf":{"@id":"https:\/\/getreall.clicksend.com.mx\/megalabel\/#website"},"datePublished":"2020-12-18T17:53:00+00:00","dateModified":"2022-08-22T22:15:55+00:00","description":"\u00bfQuieres imprimir etiquetas de alta calidad? Descubre por qu\u00e9 somos tu mejor opci\u00f3n. Ofrecemos etiquetas adhesivas impresas para cualquier aplicaci\u00f3n industrial","breadcrumb":{"@id":"https:\/\/getreall.clicksend.com.mx\/megalabel\/#breadcrumb"},"inLanguage":"es","potentialAction":[{"@type":"ReadAction","target":["https:\/\/getreall.clicksend.com.mx\/megalabel\/"]}]},{"@type":"BreadcrumbList","@id":"https:\/\/getreall.clicksend.com.mx\/megalabel\/#breadcrumb","itemListElement":[{"@type":"ListItem","position":1,"name":"Inicio","item":"https:\/\/getreall.clicksend.com.mx\/megalabel\/"},{"@type":"ListItem","position":2,"name":"Impresi\u00f3n de etiquetas y c\u00f3digos de barras"}]},{"@type":"WebSite","@id":"https:\/\/getreall.clicksend.com.mx\/megalabel\/#website","url":"https:\/\/getreall.clicksend.com.mx\/megalabel\/","name":"MegaLabel","description":"","publisher":{"@id":"https:\/\/getreall.clicksend.com.mx\/megalabel\/#organization"},"potentialAction":[{"@type":"SearchAction","target":{"@type":"EntryPoint","urlTemplate":"https:\/\/getreall.clicksend.com.mx\/megalabel\/?s={search_term_string}"},"query-input":"required name=search_term_string"}],"inLanguage":"es"},{"@type":"Organization","@id":"https:\/\/getreall.clicksend.com.mx\/megalabel\/#organization","name":"MegaLabel","url":"https:\/\/getreall.clicksend.com.mx\/megalabel\/","sameAs":[],"logo":{"@type":"ImageObject","inLanguage":"es","@id":"https:\/\/getreall.clicksend.com.mx\/megalabel\/#\/schema\/logo\/image\/","url":"https:\/\/getreall.clicksend.com.mx\/megalabel\/wp-content\/uploads\/2021\/03\/logo-megalabel.svg","contentUrl":"https:\/\/getreall.clicksend.com.mx\/megalabel\/wp-content\/uploads\/2021\/03\/logo-megalabel.svg","width":136,"height":48,"caption":"MegaLabel"},"image":{"@id":"https:\/\/getreall.clicksend.com.mx\/megalabel\/#\/schema\/logo\/image\/"}}]}},"_links":{"self":[{"href":"https:\/\/getreall.clicksend.com.mx\/megalabel\/wp-json\/wp\/v2\/pages\/2","targetHints":{"allow":["GET"]}}],"collection":[{"href":"https:\/\/getreall.clicksend.com.mx\/megalabel\/wp-json\/wp\/v2\/pages"}],"about":[{"href":"https:\/\/getreall.clicksend.com.mx\/megalabel\/wp-json\/wp\/v2\/types\/page"}],"author":[{"embeddable":true,"href":"https:\/\/getreall.clicksend.com.mx\/megalabel\/wp-json\/wp\/v2\/users\/1"}],"replies":[{"embeddable":true,"href":"https:\/\/getreall.clicksend.com.mx\/megalabel\/wp-json\/wp\/v2\/comments?post=2"}],"version-history":[{"count":7,"href":"https:\/\/getreall.clicksend.com.mx\/megalabel\/wp-json\/wp\/v2\/pages\/2\/revisions"}],"predecessor-version":[{"id":482,"href":"https:\/\/getreall.clicksend.com.mx\/megalabel\/wp-json\/wp\/v2\/pages\/2\/revisions\/482"}],"wp:attachment":[{"href":"https:\/\/getreall.clicksend.com.mx\/megalabel\/wp-json\/wp\/v2\/media?parent=2"}],"curies":[{"name":"wp","href":"https:\/\/api.w.org\/{rel}","templated":true}]}}