{"id":131,"date":"2021-03-13T23:58:49","date_gmt":"2021-03-13T23:58:49","guid":{"rendered":"http:\/\/getreall.clicksend.com.mx\/megalabel\/?page_id=131"},"modified":"2021-08-26T21:47:04","modified_gmt":"2021-08-27T02:47:04","slug":"quienes-somos","status":"publish","type":"page","link":"https:\/\/getreall.clicksend.com.mx\/megalabel\/quienes-somos\/","title":{"rendered":"Quienes Somos"},"content":{"rendered":"<p class=\"columns__paragraph\">Mega Label S.A. de C.V. es una empresa mexicana fundada en 1997 que ha destacado desde sus inicios por ofrecer servicios y productos de primer nivel, lo que la ha llevado a ser una de las mejores empresas dentro del ramo de la impresi\u00f3n de etiquetas y c\u00f3digos de barras.<\/p>\n<p class=\"columns__paragraph\">Contamos con la tecnolog\u00eda necesaria y el personal calificado para satisfacer, mejorar e innovar cualquier necesidad de nuestros clientes. Llevar a cabo procesos cuidadosos y profesionales de los que obtenemos todos los tipos de etiquetas con una excelente calidad, as\u00ed como Mangas Termoencogibles y Vasos Promocionales\u00a0.<\/p>\n<p class=\"columns__paragraph\">Nuestro \u00e9xito est\u00e1 vinculado a nuestros clientes. Trabajamos de la mano para mejorar nuestros procesos.<\/p>\n<p class=\"columns__paragraph\">Lo m\u00e1s importante para nosotros es satisfacer con rapidez y exactitud sus necesidades, d\u00e1ndoles herramientas que resuelvan sus problemas y brindando atenci\u00f3n personalizada antes durante y despu\u00e9s de ser concretada la venta.<\/p>\n<p class=\"columns__paragraph\">En Mega Label la coordinaci\u00f3n para el trabajo en equipo es fundamental. Nos define la integraci\u00f3n y compromiso, sabemos combinar nuestros talentos y buscamos oportunidades de mejora continua para crear las mejores etiquetas. Nos motiva poder obtener la lealtad de nuestros consumidores gracias a la calidad de nuestro servicio.<\/p>\n<p class=\"columns__paragraph\">Nuestra gente es el coraz\u00f3n de nuestra empresa.<\/p>\n","protected":false},"excerpt":{"rendered":"<p>Mega Label S.A. de C.V. es una empresa mexicana fundada en 1997 que ha destacado desde sus inicios por ofrecer servicios y productos de primer nivel, lo que la ha llevado a ser una de las mejores empresas dentro del ramo de la impresi\u00f3n de etiquetas y c\u00f3digos de barras. Contamos con la tecnolog\u00eda necesaria [&hellip;]<\/p>\n","protected":false},"author":1,"featured_media":133,"parent":0,"menu_order":0,"comment_status":"closed","ping_status":"closed","template":"","meta":{"footnotes":""},"class_list":["post-131","page","type-page","status-publish","has-post-thumbnail","hentry"],"yoast_head":"<!-- This site is optimized with the Yoast SEO plugin v19.6 - https:\/\/yoast.com\/wordpress\/plugins\/seo\/ -->\n<title>\u00bfQui\u00e9nes somos? - MegaLabel<\/title>\n<meta name=\"description\" content=\"Ofrecemos servicios de calidad en el ramo de la impresi\u00f3n de etiquetas y c\u00f3digos de barras desde 1997. \u00a1Contamos con la tecnolog\u00eda necesaria!\" \/>\n<meta name=\"robots\" content=\"index, follow, max-snippet:-1, max-image-preview:large, max-video-preview:-1\" \/>\n<link rel=\"canonical\" href=\"https:\/\/getreall.clicksend.com.mx\/megalabel\/quienes-somos\/\" \/>\n<meta property=\"og:locale\" content=\"es_MX\" \/>\n<meta property=\"og:type\" content=\"article\" \/>\n<meta property=\"og:title\" content=\"\u00bfQui\u00e9nes somos? - MegaLabel\" \/>\n<meta property=\"og:description\" content=\"Ofrecemos servicios de calidad en el ramo de la impresi\u00f3n de etiquetas y c\u00f3digos de barras desde 1997. \u00a1Contamos con la tecnolog\u00eda necesaria!\" \/>\n<meta property=\"og:url\" content=\"https:\/\/getreall.clicksend.com.mx\/megalabel\/quienes-somos\/\" \/>\n<meta property=\"og:site_name\" content=\"MegaLabel\" \/>\n<meta property=\"article:modified_time\" content=\"2021-08-27T02:47:04+00:00\" \/>\n<meta property=\"og:image\" content=\"https:\/\/getreall.clicksend.com.mx\/megalabel\/wp-content\/uploads\/2021\/03\/megalabel-quienes-somos.jpg\" \/>\n\t<meta property=\"og:image:width\" content=\"1560\" \/>\n\t<meta property=\"og:image:height\" content=\"552\" \/>\n\t<meta property=\"og:image:type\" content=\"image\/jpeg\" \/>\n<meta name=\"twitter:card\" content=\"summary_large_image\" \/>\n<meta name=\"twitter:label1\" content=\"Tiempo de lectura\" \/>\n\t<meta name=\"twitter:data1\" content=\"1 minuto\" \/>\n<script type=\"application\/ld+json\" class=\"yoast-schema-graph\">{\"@context\":\"https:\/\/schema.org\",\"@graph\":[{\"@type\":\"WebPage\",\"@id\":\"https:\/\/getreall.clicksend.com.mx\/megalabel\/quienes-somos\/\",\"url\":\"https:\/\/getreall.clicksend.com.mx\/megalabel\/quienes-somos\/\",\"name\":\"\u00bfQui\u00e9nes somos? - MegaLabel\",\"isPartOf\":{\"@id\":\"https:\/\/getreall.clicksend.com.mx\/megalabel\/#website\"},\"datePublished\":\"2021-03-13T23:58:49+00:00\",\"dateModified\":\"2021-08-27T02:47:04+00:00\",\"description\":\"Ofrecemos servicios de calidad en el ramo de la impresi\u00f3n de etiquetas y c\u00f3digos de barras desde 1997. \u00a1Contamos con la tecnolog\u00eda necesaria!\",\"breadcrumb\":{\"@id\":\"https:\/\/getreall.clicksend.com.mx\/megalabel\/quienes-somos\/#breadcrumb\"},\"inLanguage\":\"es\",\"potentialAction\":[{\"@type\":\"ReadAction\",\"target\":[\"https:\/\/getreall.clicksend.com.mx\/megalabel\/quienes-somos\/\"]}]},{\"@type\":\"BreadcrumbList\",\"@id\":\"https:\/\/getreall.clicksend.com.mx\/megalabel\/quienes-somos\/#breadcrumb\",\"itemListElement\":[{\"@type\":\"ListItem\",\"position\":1,\"name\":\"Inicio\",\"item\":\"https:\/\/getreall.clicksend.com.mx\/megalabel\/\"},{\"@type\":\"ListItem\",\"position\":2,\"name\":\"Quienes Somos\"}]},{\"@type\":\"WebSite\",\"@id\":\"https:\/\/getreall.clicksend.com.mx\/megalabel\/#website\",\"url\":\"https:\/\/getreall.clicksend.com.mx\/megalabel\/\",\"name\":\"MegaLabel\",\"description\":\"\",\"publisher\":{\"@id\":\"https:\/\/getreall.clicksend.com.mx\/megalabel\/#organization\"},\"potentialAction\":[{\"@type\":\"SearchAction\",\"target\":{\"@type\":\"EntryPoint\",\"urlTemplate\":\"https:\/\/getreall.clicksend.com.mx\/megalabel\/?s={search_term_string}\"},\"query-input\":\"required name=search_term_string\"}],\"inLanguage\":\"es\"},{\"@type\":\"Organization\",\"@id\":\"https:\/\/getreall.clicksend.com.mx\/megalabel\/#organization\",\"name\":\"MegaLabel\",\"url\":\"https:\/\/getreall.clicksend.com.mx\/megalabel\/\",\"sameAs\":[],\"logo\":{\"@type\":\"ImageObject\",\"inLanguage\":\"es\",\"@id\":\"https:\/\/getreall.clicksend.com.mx\/megalabel\/#\/schema\/logo\/image\/\",\"url\":\"https:\/\/getreall.clicksend.com.mx\/megalabel\/wp-content\/uploads\/2021\/03\/logo-megalabel.svg\",\"contentUrl\":\"https:\/\/getreall.clicksend.com.mx\/megalabel\/wp-content\/uploads\/2021\/03\/logo-megalabel.svg\",\"width\":136,\"height\":48,\"caption\":\"MegaLabel\"},\"image\":{\"@id\":\"https:\/\/getreall.clicksend.com.mx\/megalabel\/#\/schema\/logo\/image\/\"}}]}<\/script>\n<!-- \/ Yoast SEO plugin. -->","yoast_head_json":{"title":"\u00bfQui\u00e9nes somos? - MegaLabel","description":"Ofrecemos servicios de calidad en el ramo de la impresi\u00f3n de etiquetas y c\u00f3digos de barras desde 1997. \u00a1Contamos con la tecnolog\u00eda necesaria!","robots":{"index":"index","follow":"follow","max-snippet":"max-snippet:-1","max-image-preview":"max-image-preview:large","max-video-preview":"max-video-preview:-1"},"canonical":"https:\/\/getreall.clicksend.com.mx\/megalabel\/quienes-somos\/","og_locale":"es_MX","og_type":"article","og_title":"\u00bfQui\u00e9nes somos? - MegaLabel","og_description":"Ofrecemos servicios de calidad en el ramo de la impresi\u00f3n de etiquetas y c\u00f3digos de barras desde 1997. \u00a1Contamos con la tecnolog\u00eda necesaria!","og_url":"https:\/\/getreall.clicksend.com.mx\/megalabel\/quienes-somos\/","og_site_name":"MegaLabel","article_modified_time":"2021-08-27T02:47:04+00:00","og_image":[{"width":1560,"height":552,"url":"https:\/\/getreall.clicksend.com.mx\/megalabel\/wp-content\/uploads\/2021\/03\/megalabel-quienes-somos.jpg","type":"image\/jpeg"}],"twitter_card":"summary_large_image","twitter_misc":{"Tiempo de lectura":"1 minuto"},"schema":{"@context":"https:\/\/schema.org","@graph":[{"@type":"WebPage","@id":"https:\/\/getreall.clicksend.com.mx\/megalabel\/quienes-somos\/","url":"https:\/\/getreall.clicksend.com.mx\/megalabel\/quienes-somos\/","name":"\u00bfQui\u00e9nes somos? - MegaLabel","isPartOf":{"@id":"https:\/\/getreall.clicksend.com.mx\/megalabel\/#website"},"datePublished":"2021-03-13T23:58:49+00:00","dateModified":"2021-08-27T02:47:04+00:00","description":"Ofrecemos servicios de calidad en el ramo de la impresi\u00f3n de etiquetas y c\u00f3digos de barras desde 1997. \u00a1Contamos con la tecnolog\u00eda necesaria!","breadcrumb":{"@id":"https:\/\/getreall.clicksend.com.mx\/megalabel\/quienes-somos\/#breadcrumb"},"inLanguage":"es","potentialAction":[{"@type":"ReadAction","target":["https:\/\/getreall.clicksend.com.mx\/megalabel\/quienes-somos\/"]}]},{"@type":"BreadcrumbList","@id":"https:\/\/getreall.clicksend.com.mx\/megalabel\/quienes-somos\/#breadcrumb","itemListElement":[{"@type":"ListItem","position":1,"name":"Inicio","item":"https:\/\/getreall.clicksend.com.mx\/megalabel\/"},{"@type":"ListItem","position":2,"name":"Quienes Somos"}]},{"@type":"WebSite","@id":"https:\/\/getreall.clicksend.com.mx\/megalabel\/#website","url":"https:\/\/getreall.clicksend.com.mx\/megalabel\/","name":"MegaLabel","description":"","publisher":{"@id":"https:\/\/getreall.clicksend.com.mx\/megalabel\/#organization"},"potentialAction":[{"@type":"SearchAction","target":{"@type":"EntryPoint","urlTemplate":"https:\/\/getreall.clicksend.com.mx\/megalabel\/?s={search_term_string}"},"query-input":"required name=search_term_string"}],"inLanguage":"es"},{"@type":"Organization","@id":"https:\/\/getreall.clicksend.com.mx\/megalabel\/#organization","name":"MegaLabel","url":"https:\/\/getreall.clicksend.com.mx\/megalabel\/","sameAs":[],"logo":{"@type":"ImageObject","inLanguage":"es","@id":"https:\/\/getreall.clicksend.com.mx\/megalabel\/#\/schema\/logo\/image\/","url":"https:\/\/getreall.clicksend.com.mx\/megalabel\/wp-content\/uploads\/2021\/03\/logo-megalabel.svg","contentUrl":"https:\/\/getreall.clicksend.com.mx\/megalabel\/wp-content\/uploads\/2021\/03\/logo-megalabel.svg","width":136,"height":48,"caption":"MegaLabel"},"image":{"@id":"https:\/\/getreall.clicksend.com.mx\/megalabel\/#\/schema\/logo\/image\/"}}]}},"_links":{"self":[{"href":"https:\/\/getreall.clicksend.com.mx\/megalabel\/wp-json\/wp\/v2\/pages\/131","targetHints":{"allow":["GET"]}}],"collection":[{"href":"https:\/\/getreall.clicksend.com.mx\/megalabel\/wp-json\/wp\/v2\/pages"}],"about":[{"href":"https:\/\/getreall.clicksend.com.mx\/megalabel\/wp-json\/wp\/v2\/types\/page"}],"author":[{"embeddable":true,"href":"https:\/\/getreall.clicksend.com.mx\/megalabel\/wp-json\/wp\/v2\/users\/1"}],"replies":[{"embeddable":true,"href":"https:\/\/getreall.clicksend.com.mx\/megalabel\/wp-json\/wp\/v2\/comments?post=131"}],"version-history":[{"count":3,"href":"https:\/\/getreall.clicksend.com.mx\/megalabel\/wp-json\/wp\/v2\/pages\/131\/revisions"}],"predecessor-version":[{"id":232,"href":"https:\/\/getreall.clicksend.com.mx\/megalabel\/wp-json\/wp\/v2\/pages\/131\/revisions\/232"}],"wp:featuredmedia":[{"embeddable":true,"href":"https:\/\/getreall.clicksend.com.mx\/megalabel\/wp-json\/wp\/v2\/media\/133"}],"wp:attachment":[{"href":"https:\/\/getreall.clicksend.com.mx\/megalabel\/wp-json\/wp\/v2\/media?parent=131"}],"curies":[{"name":"wp","href":"https:\/\/api.w.org\/{rel}","templated":true}]}}