{"id":3,"date":"2021-06-25T07:42:25","date_gmt":"2021-06-25T07:42:25","guid":{"rendered":"http:\/\/www.codergirl.site\/?page_id=3"},"modified":"2021-09-01T17:40:13","modified_gmt":"2021-09-01T22:40:13","slug":"aviso-de-privacidad","status":"publish","type":"page","link":"https:\/\/getreall.clicksend.com.mx\/hopeivf\/aviso-de-privacidad\/","title":{"rendered":"Aviso de privacidad"},"content":{"rendered":"\n<p><meta charset=\"utf-8\">Con fundamento en los art\u00edculos 15 y 16 de la Ley Federal de Protecci\u00f3n de Datos Personales en Posesi\u00f3n de Particulares hacemos de su conocimiento que la Sociedad denominada NEW HOPE FERTILITY CENTER, S. DE R.L. DE C.V. que tiene su domicilio en la Avenida Am\u00e9ricas n\u00famero 1245 P-12 de la Colonia Providencia en Guadalajara, Jalisco C.P. 44610 con los tel\u00e9fonos 01 (33) 38170404 con un horario de atenci\u00f3n de 08:00 a 18:00 hrs es responsable de recabar sus datos personales, del uso que se le d\u00e9 a los mismos y de su protecci\u00f3n.<\/p>\n\n\n\n<p><meta charset=\"utf-8\">Su informaci\u00f3n personal ser\u00e1 utilizada para las siguientes finalidades: a) fines de identificaci\u00f3n, b) corroborar informaci\u00f3n proporcionada por los Clientes o proveedores de la sociedad c), con el fin de integrar un expediente a aquellas personas que por voluntad desean integrarse a la empresa d) Elaboraci\u00f3n de expediente de clientes como proveedores para la ejecuci\u00f3n de los fines de la sociedad, En la recolecci\u00f3n de datos personales seguimos los principios que marca la Ley (art\u00edculo 6): licitud, calidad, consentimiento, informaci\u00f3n, finalidad, lealtad, proporcionalidad y responsabilidad. Para las finalidades antes mencionadas, requerimos obtener los datos siguientes:<\/p>\n\n\n\n<p><meta charset=\"utf-8\">*Nombre Completo, *Direcci\u00f3n, *Edad, *Estado civil, *R\u00e9gimen conyugal, *Sexo, *RFC, *CURP, *Tel\u00e9fono fijo, *Celular, *Correo electr\u00f3nico, *Nivel de escolaridad, *Nombre del c\u00f3nyuge o concubina, *EDAD del c\u00f3nyuge o concubina, *Datos de los dependientes econ\u00f3micos, *Nombre de los dependientes econ\u00f3micos, *Parentesco de los dependientes econ\u00f3micos, *Edad de los dependientes econ\u00f3micos, *Ocupaci\u00f3n de los dependientes econ\u00f3micos, *Datos de sus trabajos anteriores, *Domicilio de sus trabajos anteriores, *Puestos en los trabajos anteriores, *Antig\u00fcedad en los trabajos anteriores, *Giro de los empleos anteriores, *Tel\u00e9fono de los trabajos anteriores, *Nombre del jefe directo en los trabajos anteriores, *Monto del ingreso bruto mensual en los trabajos anteriores, *Referencias familiares, *Nombre de la referencia familiar, *Parentesco de la referencia familiar, *Domicilio de la referencia familiar, *Tel\u00e9fono de la referencia familiar, *Datos de la Identificaci\u00f3n oficial vigente, *Datos del comprobante de domicilio, *Datos del comprobante de ingresos, *Firma aut\u00f3grafa y dem\u00e1s documentos que sean necesarios para los fines de la sociedad.<\/p>\n\n\n\n<p><meta charset=\"utf-8\">Es importante informarle que Usted tiene derecho al Acceso, Rectificaci\u00f3n y Cancelaci\u00f3n de sus datos personales, as\u00ed como a Oponerse al tratamiento de los mismos o a Revocar el consentimiento que para dicho fin nos haya otorgado.<\/p>\n\n\n\n<p><meta charset=\"utf-8\">Para ello, es necesario que env\u00ede la solicitud en los t\u00e9rminos que marca la ley en su art\u00edculo 29 a la se\u00f1orita Jessica Yaheli Gonz\u00e1lez Ortiz, responsable de nuestro Departamento de Protecci\u00f3n de Datos Personales, ubicado en la <strong>Avenida Am\u00e9ricas n\u00famero 1245 P-12 de la Colonia Providencia en Guadalajara, Jalisco C.P. 44610 <\/strong>con los <strong>tel\u00e9fonos 01 (33) 38170404 con un horario de atenci\u00f3n de 08:00 a 18:00 hrs.<\/strong> y o v\u00eda correo electr\u00f3nico a <strong>administracion@nhfc.mx<\/strong> el cual solicitamos confirme v\u00eda telef\u00f3nica para garantizar su correcta recepci\u00f3n.<\/p>\n\n\n\n<p><meta charset=\"utf-8\">Queda prohibida la transferencia a un tercero de los datos que nos proporciona y nos obligamos a guardar confidencialidad respecto de estos a\u00fan despu\u00e9s de que finalice la relaci\u00f3n contractual que en su momento se celebre con usted.<\/p>\n\n\n\n<p><meta charset=\"utf-8\"><strong>IMPORTANTE<\/strong>: Cualquier modificaci\u00f3n a este Aviso de privacidad podr\u00e1 consultarlo en esta misma web page <a href=\"https:\/\/getreall.clicksend.com.mx\/hopeivf\/\">www.nhfc.mx<\/a><\/p>\n\n\n\n<p><meta charset=\"utf-8\"><strong>Fecha de \u00faltima actualizaci\u00f3n:<\/strong> Marzo del a\u00f1o 2019<\/p>\n","protected":false},"excerpt":{"rendered":"<p>Con fundamento en los art\u00edculos 15 y 16 de la Ley Federal de Protecci\u00f3n de Datos Personales en Posesi\u00f3n de Particulares hacemos de su conocimiento que la Sociedad denominada NEW HOPE FERTILITY CENTER, S. DE R.L. DE C.V. que tiene su domicilio en la Avenida Am\u00e9ricas n\u00famero 1245 P-12 de [&hellip;]<\/p>\n","protected":false},"author":8,"featured_media":11674,"parent":0,"menu_order":0,"comment_status":"closed","ping_status":"open","template":"","meta":{"footnotes":""},"class_list":["post-3","page","type-page","status-publish","has-post-thumbnail","hentry"],"yoast_head":"<!-- This site is optimized with the Yoast SEO plugin v24.1 - https:\/\/yoast.com\/wordpress\/plugins\/seo\/ -->\n<title>Aviso de privacidad - New Hope Fertility<\/title>\n<meta name=\"description\" content=\"Consulta el aviso de privacidad de nuestra cl\u00ednica de fertilidad, en donde brindamos un servicio confiable y de calidad con los m\u00e1s altos est\u00e1ndares m\u00e9dicos.\" \/>\n<meta name=\"robots\" content=\"index, follow, max-snippet:-1, max-image-preview:large, max-video-preview:-1\" \/>\n<link rel=\"canonical\" href=\"https:\/\/getreall.clicksend.com.mx\/hopeivf\/aviso-de-privacidad\/\" \/>\n<meta property=\"og:locale\" content=\"es_MX\" \/>\n<meta property=\"og:type\" content=\"article\" \/>\n<meta property=\"og:title\" content=\"Aviso de privacidad - New Hope Fertility\" \/>\n<meta property=\"og:description\" content=\"Consulta el aviso de privacidad de nuestra cl\u00ednica de fertilidad, en donde brindamos un servicio confiable y de calidad con los m\u00e1s altos est\u00e1ndares m\u00e9dicos.\" \/>\n<meta property=\"og:url\" content=\"https:\/\/getreall.clicksend.com.mx\/hopeivf\/aviso-de-privacidad\/\" \/>\n<meta property=\"og:site_name\" content=\"New Hope Fertility\" \/>\n<meta property=\"article:modified_time\" content=\"2021-09-01T22:40:13+00:00\" \/>\n<meta property=\"og:image\" content=\"https:\/\/getreall.clicksend.com.mx\/hopeivf\/\/wp-content\/uploads\/2020\/08\/clinica.jpg\" \/>\n\t<meta property=\"og:image:width\" content=\"931\" \/>\n\t<meta property=\"og:image:height\" content=\"700\" \/>\n\t<meta property=\"og:image:type\" content=\"image\/jpeg\" \/>\n<meta name=\"twitter:card\" content=\"summary_large_image\" \/>\n<meta name=\"twitter:label1\" content=\"Tiempo de lectura\" \/>\n\t<meta name=\"twitter:data1\" content=\"3 minutos\" \/>\n<script type=\"application\/ld+json\" class=\"yoast-schema-graph\">{\"@context\":\"https:\/\/schema.org\",\"@graph\":[{\"@type\":\"WebPage\",\"@id\":\"https:\/\/getreall.clicksend.com.mx\/hopeivf\/aviso-de-privacidad\/\",\"url\":\"https:\/\/getreall.clicksend.com.mx\/hopeivf\/aviso-de-privacidad\/\",\"name\":\"Aviso de privacidad - New Hope Fertility\",\"isPartOf\":{\"@id\":\"https:\/\/getreall.clicksend.com.mx\/hopeivf\/#website\"},\"primaryImageOfPage\":{\"@id\":\"https:\/\/getreall.clicksend.com.mx\/hopeivf\/aviso-de-privacidad\/#primaryimage\"},\"image\":{\"@id\":\"https:\/\/getreall.clicksend.com.mx\/hopeivf\/aviso-de-privacidad\/#primaryimage\"},\"thumbnailUrl\":\"https:\/\/getreall.clicksend.com.mx\/hopeivf\/wp-content\/uploads\/2020\/08\/clinica.jpg\",\"datePublished\":\"2021-06-25T07:42:25+00:00\",\"dateModified\":\"2021-09-01T22:40:13+00:00\",\"description\":\"Consulta el aviso de privacidad de nuestra cl\u00ednica de fertilidad, en donde brindamos un servicio confiable y de calidad con los m\u00e1s altos est\u00e1ndares m\u00e9dicos.\",\"breadcrumb\":{\"@id\":\"https:\/\/getreall.clicksend.com.mx\/hopeivf\/aviso-de-privacidad\/#breadcrumb\"},\"inLanguage\":\"es\",\"potentialAction\":[{\"@type\":\"ReadAction\",\"target\":[\"https:\/\/getreall.clicksend.com.mx\/hopeivf\/aviso-de-privacidad\/\"]}]},{\"@type\":\"ImageObject\",\"inLanguage\":\"es\",\"@id\":\"https:\/\/getreall.clicksend.com.mx\/hopeivf\/aviso-de-privacidad\/#primaryimage\",\"url\":\"https:\/\/getreall.clicksend.com.mx\/hopeivf\/wp-content\/uploads\/2020\/08\/clinica.jpg\",\"contentUrl\":\"https:\/\/getreall.clicksend.com.mx\/hopeivf\/wp-content\/uploads\/2020\/08\/clinica.jpg\",\"width\":931,\"height\":700,\"caption\":\"Cl\u00ednica de fertilidad: \u00bfc\u00f3mo llevar un tratamiento integral?\"},{\"@type\":\"BreadcrumbList\",\"@id\":\"https:\/\/getreall.clicksend.com.mx\/hopeivf\/aviso-de-privacidad\/#breadcrumb\",\"itemListElement\":[{\"@type\":\"ListItem\",\"position\":1,\"name\":\"Home\",\"item\":\"https:\/\/getreall.clicksend.com.mx\/hopeivf\/\"},{\"@type\":\"ListItem\",\"position\":2,\"name\":\"Aviso de privacidad\"}]},{\"@type\":\"WebSite\",\"@id\":\"https:\/\/getreall.clicksend.com.mx\/hopeivf\/#website\",\"url\":\"https:\/\/getreall.clicksend.com.mx\/hopeivf\/\",\"name\":\"New Hope Fertility\",\"description\":\"\u00bfProblemas para concebir? Ac\u00e9rcate a nuestra cl\u00ednica de fertilidad, en donde manejamos la mejor tecnolog\u00eda en medicina reproductiva para asegurar una fecundaci\u00f3n no invasiva.\",\"publisher\":{\"@id\":\"https:\/\/getreall.clicksend.com.mx\/hopeivf\/#organization\"},\"potentialAction\":[{\"@type\":\"SearchAction\",\"target\":{\"@type\":\"EntryPoint\",\"urlTemplate\":\"https:\/\/getreall.clicksend.com.mx\/hopeivf\/?s={search_term_string}\"},\"query-input\":{\"@type\":\"PropertyValueSpecification\",\"valueRequired\":true,\"valueName\":\"search_term_string\"}}],\"inLanguage\":\"es\"},{\"@type\":\"Organization\",\"@id\":\"https:\/\/getreall.clicksend.com.mx\/hopeivf\/#organization\",\"name\":\"New hope fertility center\",\"url\":\"https:\/\/getreall.clicksend.com.mx\/hopeivf\/\",\"logo\":{\"@type\":\"ImageObject\",\"inLanguage\":\"es\",\"@id\":\"https:\/\/getreall.clicksend.com.mx\/hopeivf\/#\/schema\/logo\/image\/\",\"url\":\"https:\/\/getreall.clicksend.com.mx\/hopeivf\/\/wp-content\/uploads\/2021\/08\/logo.png\",\"contentUrl\":\"https:\/\/getreall.clicksend.com.mx\/hopeivf\/\/wp-content\/uploads\/2021\/08\/logo.png\",\"width\":146,\"height\":64,\"caption\":\"New hope fertility center\"},\"image\":{\"@id\":\"https:\/\/getreall.clicksend.com.mx\/hopeivf\/#\/schema\/logo\/image\/\"}}]}<\/script>\n<!-- \/ Yoast SEO plugin. -->","yoast_head_json":{"title":"Aviso de privacidad - New Hope Fertility","description":"Consulta el aviso de privacidad de nuestra cl\u00ednica de fertilidad, en donde brindamos un servicio confiable y de calidad con los m\u00e1s altos est\u00e1ndares m\u00e9dicos.","robots":{"index":"index","follow":"follow","max-snippet":"max-snippet:-1","max-image-preview":"max-image-preview:large","max-video-preview":"max-video-preview:-1"},"canonical":"https:\/\/getreall.clicksend.com.mx\/hopeivf\/aviso-de-privacidad\/","og_locale":"es_MX","og_type":"article","og_title":"Aviso de privacidad - New Hope Fertility","og_description":"Consulta el aviso de privacidad de nuestra cl\u00ednica de fertilidad, en donde brindamos un servicio confiable y de calidad con los m\u00e1s altos est\u00e1ndares m\u00e9dicos.","og_url":"https:\/\/getreall.clicksend.com.mx\/hopeivf\/aviso-de-privacidad\/","og_site_name":"New Hope Fertility","article_modified_time":"2021-09-01T22:40:13+00:00","og_image":[{"width":931,"height":700,"url":"https:\/\/getreall.clicksend.com.mx\/hopeivf\/\/wp-content\/uploads\/2020\/08\/clinica.jpg","type":"image\/jpeg"}],"twitter_card":"summary_large_image","twitter_misc":{"Tiempo de lectura":"3 minutos"},"schema":{"@context":"https:\/\/schema.org","@graph":[{"@type":"WebPage","@id":"https:\/\/getreall.clicksend.com.mx\/hopeivf\/aviso-de-privacidad\/","url":"https:\/\/getreall.clicksend.com.mx\/hopeivf\/aviso-de-privacidad\/","name":"Aviso de privacidad - New Hope Fertility","isPartOf":{"@id":"https:\/\/getreall.clicksend.com.mx\/hopeivf\/#website"},"primaryImageOfPage":{"@id":"https:\/\/getreall.clicksend.com.mx\/hopeivf\/aviso-de-privacidad\/#primaryimage"},"image":{"@id":"https:\/\/getreall.clicksend.com.mx\/hopeivf\/aviso-de-privacidad\/#primaryimage"},"thumbnailUrl":"https:\/\/getreall.clicksend.com.mx\/hopeivf\/wp-content\/uploads\/2020\/08\/clinica.jpg","datePublished":"2021-06-25T07:42:25+00:00","dateModified":"2021-09-01T22:40:13+00:00","description":"Consulta el aviso de privacidad de nuestra cl\u00ednica de fertilidad, en donde brindamos un servicio confiable y de calidad con los m\u00e1s altos est\u00e1ndares m\u00e9dicos.","breadcrumb":{"@id":"https:\/\/getreall.clicksend.com.mx\/hopeivf\/aviso-de-privacidad\/#breadcrumb"},"inLanguage":"es","potentialAction":[{"@type":"ReadAction","target":["https:\/\/getreall.clicksend.com.mx\/hopeivf\/aviso-de-privacidad\/"]}]},{"@type":"ImageObject","inLanguage":"es","@id":"https:\/\/getreall.clicksend.com.mx\/hopeivf\/aviso-de-privacidad\/#primaryimage","url":"https:\/\/getreall.clicksend.com.mx\/hopeivf\/wp-content\/uploads\/2020\/08\/clinica.jpg","contentUrl":"https:\/\/getreall.clicksend.com.mx\/hopeivf\/wp-content\/uploads\/2020\/08\/clinica.jpg","width":931,"height":700,"caption":"Cl\u00ednica de fertilidad: \u00bfc\u00f3mo llevar un tratamiento integral?"},{"@type":"BreadcrumbList","@id":"https:\/\/getreall.clicksend.com.mx\/hopeivf\/aviso-de-privacidad\/#breadcrumb","itemListElement":[{"@type":"ListItem","position":1,"name":"Home","item":"https:\/\/getreall.clicksend.com.mx\/hopeivf\/"},{"@type":"ListItem","position":2,"name":"Aviso de privacidad"}]},{"@type":"WebSite","@id":"https:\/\/getreall.clicksend.com.mx\/hopeivf\/#website","url":"https:\/\/getreall.clicksend.com.mx\/hopeivf\/","name":"New Hope Fertility","description":"\u00bfProblemas para concebir? Ac\u00e9rcate a nuestra cl\u00ednica de fertilidad, en donde manejamos la mejor tecnolog\u00eda en medicina reproductiva para asegurar una fecundaci\u00f3n no invasiva.","publisher":{"@id":"https:\/\/getreall.clicksend.com.mx\/hopeivf\/#organization"},"potentialAction":[{"@type":"SearchAction","target":{"@type":"EntryPoint","urlTemplate":"https:\/\/getreall.clicksend.com.mx\/hopeivf\/?s={search_term_string}"},"query-input":{"@type":"PropertyValueSpecification","valueRequired":true,"valueName":"search_term_string"}}],"inLanguage":"es"},{"@type":"Organization","@id":"https:\/\/getreall.clicksend.com.mx\/hopeivf\/#organization","name":"New hope fertility center","url":"https:\/\/getreall.clicksend.com.mx\/hopeivf\/","logo":{"@type":"ImageObject","inLanguage":"es","@id":"https:\/\/getreall.clicksend.com.mx\/hopeivf\/#\/schema\/logo\/image\/","url":"https:\/\/getreall.clicksend.com.mx\/hopeivf\/\/wp-content\/uploads\/2021\/08\/logo.png","contentUrl":"https:\/\/getreall.clicksend.com.mx\/hopeivf\/\/wp-content\/uploads\/2021\/08\/logo.png","width":146,"height":64,"caption":"New hope fertility center"},"image":{"@id":"https:\/\/getreall.clicksend.com.mx\/hopeivf\/#\/schema\/logo\/image\/"}}]}},"_links":{"self":[{"href":"https:\/\/getreall.clicksend.com.mx\/hopeivf\/wp-json\/wp\/v2\/pages\/3","targetHints":{"allow":["GET"]}}],"collection":[{"href":"https:\/\/getreall.clicksend.com.mx\/hopeivf\/wp-json\/wp\/v2\/pages"}],"about":[{"href":"https:\/\/getreall.clicksend.com.mx\/hopeivf\/wp-json\/wp\/v2\/types\/page"}],"author":[{"embeddable":true,"href":"https:\/\/getreall.clicksend.com.mx\/hopeivf\/wp-json\/wp\/v2\/users\/8"}],"replies":[{"embeddable":true,"href":"https:\/\/getreall.clicksend.com.mx\/hopeivf\/wp-json\/wp\/v2\/comments?post=3"}],"version-history":[{"count":4,"href":"https:\/\/getreall.clicksend.com.mx\/hopeivf\/wp-json\/wp\/v2\/pages\/3\/revisions"}],"predecessor-version":[{"id":11311,"href":"https:\/\/getreall.clicksend.com.mx\/hopeivf\/wp-json\/wp\/v2\/pages\/3\/revisions\/11311"}],"wp:featuredmedia":[{"embeddable":true,"href":"https:\/\/getreall.clicksend.com.mx\/hopeivf\/wp-json\/wp\/v2\/media\/11674"}],"wp:attachment":[{"href":"https:\/\/getreall.clicksend.com.mx\/hopeivf\/wp-json\/wp\/v2\/media?parent=3"}],"curies":[{"name":"wp","href":"https:\/\/api.w.org\/{rel}","templated":true}]}}