{"id":12087,"date":"2024-03-08T14:42:38","date_gmt":"2024-03-08T20:42:38","guid":{"rendered":"https:\/\/nhfc.mx\/?page_id=12087"},"modified":"2024-03-08T14:43:31","modified_gmt":"2024-03-08T20:43:31","slug":"acora","status":"publish","type":"page","link":"https:\/\/getreall.clicksend.com.mx\/hopeivf\/centros-de-fertilidad-en-mexico\/acora\/","title":{"rendered":"Cl\u00ednica de fertilidad en Acora"},"content":{"rendered":"","protected":true},"excerpt":{"rendered":"","protected":true},"author":8,"featured_media":0,"parent":11798,"menu_order":0,"comment_status":"closed","ping_status":"closed","template":"","meta":{"footnotes":""},"class_list":["post-12087","page","type-page","status-publish","post-password-required","hentry"],"yoast_head":"<!-- This site is optimized with the Yoast SEO plugin v24.1 - https:\/\/yoast.com\/wordpress\/plugins\/seo\/ -->\n<title>Cl\u00ednica de fertilidad en Acora - New Hope Fertility<\/title>\n<meta name=\"robots\" content=\"index, follow, max-snippet:-1, max-image-preview:large, max-video-preview:-1\" \/>\n<link rel=\"canonical\" href=\"https:\/\/getreall.clicksend.com.mx\/hopeivf\/centros-de-fertilidad-en-mexico\/acora\/\" \/>\n<meta property=\"og:locale\" content=\"es_MX\" \/>\n<meta property=\"og:type\" content=\"article\" \/>\n<meta property=\"og:title\" content=\"Cl\u00ednica de fertilidad en Acora - New Hope Fertility\" \/>\n<meta property=\"og:description\" content=\"No hay extracto porque es una entrada protegida.\" \/>\n<meta property=\"og:url\" content=\"https:\/\/getreall.clicksend.com.mx\/hopeivf\/centros-de-fertilidad-en-mexico\/acora\/\" \/>\n<meta property=\"og:site_name\" content=\"New Hope Fertility\" \/>\n<meta property=\"article:modified_time\" content=\"2024-03-08T20:43:31+00:00\" \/>\n<meta name=\"twitter:card\" content=\"summary_large_image\" \/>\n<script type=\"application\/ld+json\" class=\"yoast-schema-graph\">{\"@context\":\"https:\/\/schema.org\",\"@graph\":[{\"@type\":\"WebPage\",\"@id\":\"https:\/\/getreall.clicksend.com.mx\/hopeivf\/centros-de-fertilidad-en-mexico\/acora\/\",\"url\":\"https:\/\/getreall.clicksend.com.mx\/hopeivf\/centros-de-fertilidad-en-mexico\/acora\/\",\"name\":\"Cl\u00ednica de fertilidad en Acora - New Hope Fertility\",\"isPartOf\":{\"@id\":\"https:\/\/getreall.clicksend.com.mx\/hopeivf\/#website\"},\"datePublished\":\"2024-03-08T20:42:38+00:00\",\"dateModified\":\"2024-03-08T20:43:31+00:00\",\"breadcrumb\":{\"@id\":\"https:\/\/getreall.clicksend.com.mx\/hopeivf\/centros-de-fertilidad-en-mexico\/acora\/#breadcrumb\"},\"inLanguage\":\"es\"},{\"@type\":\"WebSite\",\"@id\":\"https:\/\/getreall.clicksend.com.mx\/hopeivf\/#website\",\"url\":\"https:\/\/getreall.clicksend.com.mx\/hopeivf\/\",\"name\":\"New Hope Fertility\",\"description\":\"\u00bfProblemas para concebir? Ac\u00e9rcate a nuestra cl\u00ednica de fertilidad, en donde manejamos la mejor tecnolog\u00eda en medicina reproductiva para asegurar una fecundaci\u00f3n no invasiva.\",\"publisher\":{\"@id\":\"https:\/\/getreall.clicksend.com.mx\/hopeivf\/#organization\"},\"potentialAction\":[{\"@type\":\"SearchAction\",\"target\":{\"@type\":\"EntryPoint\",\"urlTemplate\":\"https:\/\/getreall.clicksend.com.mx\/hopeivf\/?s={search_term_string}\"},\"query-input\":{\"@type\":\"PropertyValueSpecification\",\"valueRequired\":true,\"valueName\":\"search_term_string\"}}],\"inLanguage\":\"es\"},{\"@type\":\"Organization\",\"@id\":\"https:\/\/getreall.clicksend.com.mx\/hopeivf\/#organization\",\"name\":\"New hope fertility center\",\"url\":\"https:\/\/getreall.clicksend.com.mx\/hopeivf\/\",\"logo\":{\"@type\":\"ImageObject\",\"inLanguage\":\"es\",\"@id\":\"https:\/\/getreall.clicksend.com.mx\/hopeivf\/#\/schema\/logo\/image\/\",\"url\":\"https:\/\/getreall.clicksend.com.mx\/hopeivf\/\/wp-content\/uploads\/2021\/08\/logo.png\",\"contentUrl\":\"https:\/\/getreall.clicksend.com.mx\/hopeivf\/\/wp-content\/uploads\/2021\/08\/logo.png\",\"width\":146,\"height\":64,\"caption\":\"New hope fertility center\"},\"image\":{\"@id\":\"https:\/\/getreall.clicksend.com.mx\/hopeivf\/#\/schema\/logo\/image\/\"}}]}<\/script>\n<!-- \/ Yoast SEO plugin. -->","yoast_head_json":{"title":"Cl\u00ednica de fertilidad en Acora - New Hope Fertility","robots":{"index":"index","follow":"follow","max-snippet":"max-snippet:-1","max-image-preview":"max-image-preview:large","max-video-preview":"max-video-preview:-1"},"canonical":"https:\/\/getreall.clicksend.com.mx\/hopeivf\/centros-de-fertilidad-en-mexico\/acora\/","og_locale":"es_MX","og_type":"article","og_title":"Cl\u00ednica de fertilidad en Acora - New Hope Fertility","og_description":"No hay extracto porque es una entrada protegida.","og_url":"https:\/\/getreall.clicksend.com.mx\/hopeivf\/centros-de-fertilidad-en-mexico\/acora\/","og_site_name":"New Hope Fertility","article_modified_time":"2024-03-08T20:43:31+00:00","twitter_card":"summary_large_image","schema":{"@context":"https:\/\/schema.org","@graph":[{"@type":"WebPage","@id":"https:\/\/getreall.clicksend.com.mx\/hopeivf\/centros-de-fertilidad-en-mexico\/acora\/","url":"https:\/\/getreall.clicksend.com.mx\/hopeivf\/centros-de-fertilidad-en-mexico\/acora\/","name":"Cl\u00ednica de fertilidad en Acora - New Hope Fertility","isPartOf":{"@id":"https:\/\/getreall.clicksend.com.mx\/hopeivf\/#website"},"datePublished":"2024-03-08T20:42:38+00:00","dateModified":"2024-03-08T20:43:31+00:00","breadcrumb":{"@id":"https:\/\/getreall.clicksend.com.mx\/hopeivf\/centros-de-fertilidad-en-mexico\/acora\/#breadcrumb"},"inLanguage":"es"},{"@type":"WebSite","@id":"https:\/\/getreall.clicksend.com.mx\/hopeivf\/#website","url":"https:\/\/getreall.clicksend.com.mx\/hopeivf\/","name":"New Hope Fertility","description":"\u00bfProblemas para concebir? Ac\u00e9rcate a nuestra cl\u00ednica de fertilidad, en donde manejamos la mejor tecnolog\u00eda en medicina reproductiva para asegurar una fecundaci\u00f3n no invasiva.","publisher":{"@id":"https:\/\/getreall.clicksend.com.mx\/hopeivf\/#organization"},"potentialAction":[{"@type":"SearchAction","target":{"@type":"EntryPoint","urlTemplate":"https:\/\/getreall.clicksend.com.mx\/hopeivf\/?s={search_term_string}"},"query-input":{"@type":"PropertyValueSpecification","valueRequired":true,"valueName":"search_term_string"}}],"inLanguage":"es"},{"@type":"Organization","@id":"https:\/\/getreall.clicksend.com.mx\/hopeivf\/#organization","name":"New hope fertility center","url":"https:\/\/getreall.clicksend.com.mx\/hopeivf\/","logo":{"@type":"ImageObject","inLanguage":"es","@id":"https:\/\/getreall.clicksend.com.mx\/hopeivf\/#\/schema\/logo\/image\/","url":"https:\/\/getreall.clicksend.com.mx\/hopeivf\/\/wp-content\/uploads\/2021\/08\/logo.png","contentUrl":"https:\/\/getreall.clicksend.com.mx\/hopeivf\/\/wp-content\/uploads\/2021\/08\/logo.png","width":146,"height":64,"caption":"New hope fertility center"},"image":{"@id":"https:\/\/getreall.clicksend.com.mx\/hopeivf\/#\/schema\/logo\/image\/"}}]}},"_links":{"self":[{"href":"https:\/\/getreall.clicksend.com.mx\/hopeivf\/wp-json\/wp\/v2\/pages\/12087","targetHints":{"allow":["GET"]}}],"collection":[{"href":"https:\/\/getreall.clicksend.com.mx\/hopeivf\/wp-json\/wp\/v2\/pages"}],"about":[{"href":"https:\/\/getreall.clicksend.com.mx\/hopeivf\/wp-json\/wp\/v2\/types\/page"}],"author":[{"embeddable":true,"href":"https:\/\/getreall.clicksend.com.mx\/hopeivf\/wp-json\/wp\/v2\/users\/8"}],"replies":[{"embeddable":true,"href":"https:\/\/getreall.clicksend.com.mx\/hopeivf\/wp-json\/wp\/v2\/comments?post=12087"}],"version-history":[{"count":1,"href":"https:\/\/getreall.clicksend.com.mx\/hopeivf\/wp-json\/wp\/v2\/pages\/12087\/revisions"}],"predecessor-version":[{"id":12088,"href":"https:\/\/getreall.clicksend.com.mx\/hopeivf\/wp-json\/wp\/v2\/pages\/12087\/revisions\/12088"}],"up":[{"embeddable":true,"href":"https:\/\/getreall.clicksend.com.mx\/hopeivf\/wp-json\/wp\/v2\/pages\/11798"}],"wp:attachment":[{"href":"https:\/\/getreall.clicksend.com.mx\/hopeivf\/wp-json\/wp\/v2\/media?parent=12087"}],"curies":[{"name":"wp","href":"https:\/\/api.w.org\/{rel}","templated":true}]}}