{"id":11928,"date":"2022-01-26T18:06:06","date_gmt":"2022-01-27T00:06:06","guid":{"rendered":"https:\/\/nhfc.mx\/?page_id=11928"},"modified":"2022-01-26T18:06:08","modified_gmt":"2022-01-27T00:06:08","slug":"jorge-alberto-campos-canas","status":"publish","type":"page","link":"https:\/\/getreall.clicksend.com.mx\/hopeivf\/centro-reproduccion-asistida-en-mexico\/doctores\/jorge-alberto-campos-canas\/","title":{"rendered":"Jorge Alberto Campos Ca\u00f1as"},"content":{"rendered":"","protected":false},"excerpt":{"rendered":"","protected":false},"author":8,"featured_media":0,"parent":11269,"menu_order":0,"comment_status":"closed","ping_status":"closed","template":"","meta":{"footnotes":""},"class_list":["post-11928","page","type-page","status-publish","hentry"],"yoast_head":"<!-- This site is optimized with the Yoast SEO plugin v24.1 - https:\/\/yoast.com\/wordpress\/plugins\/seo\/ -->\n<title>Jorge Alberto Campos Ca\u00f1as - New Hope Fertility<\/title>\n<meta name=\"robots\" content=\"index, follow, max-snippet:-1, max-image-preview:large, max-video-preview:-1\" \/>\n<link rel=\"canonical\" href=\"https:\/\/getreall.clicksend.com.mx\/hopeivf\/centro-reproduccion-asistida-en-mexico\/doctores\/jorge-alberto-campos-canas\/\" \/>\n<meta property=\"og:locale\" content=\"es_MX\" \/>\n<meta property=\"og:type\" content=\"article\" \/>\n<meta property=\"og:title\" content=\"Jorge Alberto Campos Ca\u00f1as - New Hope Fertility\" \/>\n<meta property=\"og:url\" content=\"https:\/\/getreall.clicksend.com.mx\/hopeivf\/centro-reproduccion-asistida-en-mexico\/doctores\/jorge-alberto-campos-canas\/\" \/>\n<meta property=\"og:site_name\" content=\"New Hope Fertility\" \/>\n<meta property=\"article:modified_time\" content=\"2022-01-27T00:06:08+00:00\" \/>\n<meta name=\"twitter:card\" content=\"summary_large_image\" \/>\n<script type=\"application\/ld+json\" class=\"yoast-schema-graph\">{\"@context\":\"https:\/\/schema.org\",\"@graph\":[{\"@type\":\"WebPage\",\"@id\":\"https:\/\/getreall.clicksend.com.mx\/hopeivf\/centro-reproduccion-asistida-en-mexico\/doctores\/jorge-alberto-campos-canas\/\",\"url\":\"https:\/\/getreall.clicksend.com.mx\/hopeivf\/centro-reproduccion-asistida-en-mexico\/doctores\/jorge-alberto-campos-canas\/\",\"name\":\"Jorge Alberto Campos Ca\u00f1as - New Hope Fertility\",\"isPartOf\":{\"@id\":\"https:\/\/getreall.clicksend.com.mx\/hopeivf\/#website\"},\"datePublished\":\"2022-01-27T00:06:06+00:00\",\"dateModified\":\"2022-01-27T00:06:08+00:00\",\"breadcrumb\":{\"@id\":\"https:\/\/getreall.clicksend.com.mx\/hopeivf\/centro-reproduccion-asistida-en-mexico\/doctores\/jorge-alberto-campos-canas\/#breadcrumb\"},\"inLanguage\":\"es\",\"potentialAction\":[{\"@type\":\"ReadAction\",\"target\":[\"https:\/\/getreall.clicksend.com.mx\/hopeivf\/centro-reproduccion-asistida-en-mexico\/doctores\/jorge-alberto-campos-canas\/\"]}]},{\"@type\":\"BreadcrumbList\",\"@id\":\"https:\/\/getreall.clicksend.com.mx\/hopeivf\/centro-reproduccion-asistida-en-mexico\/doctores\/jorge-alberto-campos-canas\/#breadcrumb\",\"itemListElement\":[{\"@type\":\"ListItem\",\"position\":1,\"name\":\"Home\",\"item\":\"https:\/\/getreall.clicksend.com.mx\/hopeivf\/\"},{\"@type\":\"ListItem\",\"position\":2,\"name\":\"Cl\u00ednica de fertilidad en M\u00e9xico\",\"item\":\"https:\/\/getreall.clicksend.com.mx\/hopeivf\/centro-reproduccion-asistida-en-mexico\/\"},{\"@type\":\"ListItem\",\"position\":3,\"name\":\"M\u00e9dicos de la cl\u00ednica de fertilidad\",\"item\":\"https:\/\/getreall.clicksend.com.mx\/hopeivf\/centro-reproduccion-asistida-en-mexico\/doctores\/\"},{\"@type\":\"ListItem\",\"position\":4,\"name\":\"Jorge Alberto Campos Ca\u00f1as\"}]},{\"@type\":\"WebSite\",\"@id\":\"https:\/\/getreall.clicksend.com.mx\/hopeivf\/#website\",\"url\":\"https:\/\/getreall.clicksend.com.mx\/hopeivf\/\",\"name\":\"New Hope Fertility\",\"description\":\"\u00bfProblemas para concebir? Ac\u00e9rcate a nuestra cl\u00ednica de fertilidad, en donde manejamos la mejor tecnolog\u00eda en medicina reproductiva para asegurar una fecundaci\u00f3n no invasiva.\",\"publisher\":{\"@id\":\"https:\/\/getreall.clicksend.com.mx\/hopeivf\/#organization\"},\"potentialAction\":[{\"@type\":\"SearchAction\",\"target\":{\"@type\":\"EntryPoint\",\"urlTemplate\":\"https:\/\/getreall.clicksend.com.mx\/hopeivf\/?s={search_term_string}\"},\"query-input\":{\"@type\":\"PropertyValueSpecification\",\"valueRequired\":true,\"valueName\":\"search_term_string\"}}],\"inLanguage\":\"es\"},{\"@type\":\"Organization\",\"@id\":\"https:\/\/getreall.clicksend.com.mx\/hopeivf\/#organization\",\"name\":\"New hope fertility center\",\"url\":\"https:\/\/getreall.clicksend.com.mx\/hopeivf\/\",\"logo\":{\"@type\":\"ImageObject\",\"inLanguage\":\"es\",\"@id\":\"https:\/\/getreall.clicksend.com.mx\/hopeivf\/#\/schema\/logo\/image\/\",\"url\":\"https:\/\/getreall.clicksend.com.mx\/hopeivf\/\/wp-content\/uploads\/2021\/08\/logo.png\",\"contentUrl\":\"https:\/\/getreall.clicksend.com.mx\/hopeivf\/\/wp-content\/uploads\/2021\/08\/logo.png\",\"width\":146,\"height\":64,\"caption\":\"New hope fertility center\"},\"image\":{\"@id\":\"https:\/\/getreall.clicksend.com.mx\/hopeivf\/#\/schema\/logo\/image\/\"}}]}<\/script>\n<!-- \/ Yoast SEO plugin. -->","yoast_head_json":{"title":"Jorge Alberto Campos Ca\u00f1as - New Hope Fertility","robots":{"index":"index","follow":"follow","max-snippet":"max-snippet:-1","max-image-preview":"max-image-preview:large","max-video-preview":"max-video-preview:-1"},"canonical":"https:\/\/getreall.clicksend.com.mx\/hopeivf\/centro-reproduccion-asistida-en-mexico\/doctores\/jorge-alberto-campos-canas\/","og_locale":"es_MX","og_type":"article","og_title":"Jorge Alberto Campos Ca\u00f1as - New Hope Fertility","og_url":"https:\/\/getreall.clicksend.com.mx\/hopeivf\/centro-reproduccion-asistida-en-mexico\/doctores\/jorge-alberto-campos-canas\/","og_site_name":"New Hope Fertility","article_modified_time":"2022-01-27T00:06:08+00:00","twitter_card":"summary_large_image","schema":{"@context":"https:\/\/schema.org","@graph":[{"@type":"WebPage","@id":"https:\/\/getreall.clicksend.com.mx\/hopeivf\/centro-reproduccion-asistida-en-mexico\/doctores\/jorge-alberto-campos-canas\/","url":"https:\/\/getreall.clicksend.com.mx\/hopeivf\/centro-reproduccion-asistida-en-mexico\/doctores\/jorge-alberto-campos-canas\/","name":"Jorge Alberto Campos Ca\u00f1as - New Hope Fertility","isPartOf":{"@id":"https:\/\/getreall.clicksend.com.mx\/hopeivf\/#website"},"datePublished":"2022-01-27T00:06:06+00:00","dateModified":"2022-01-27T00:06:08+00:00","breadcrumb":{"@id":"https:\/\/getreall.clicksend.com.mx\/hopeivf\/centro-reproduccion-asistida-en-mexico\/doctores\/jorge-alberto-campos-canas\/#breadcrumb"},"inLanguage":"es","potentialAction":[{"@type":"ReadAction","target":["https:\/\/getreall.clicksend.com.mx\/hopeivf\/centro-reproduccion-asistida-en-mexico\/doctores\/jorge-alberto-campos-canas\/"]}]},{"@type":"BreadcrumbList","@id":"https:\/\/getreall.clicksend.com.mx\/hopeivf\/centro-reproduccion-asistida-en-mexico\/doctores\/jorge-alberto-campos-canas\/#breadcrumb","itemListElement":[{"@type":"ListItem","position":1,"name":"Home","item":"https:\/\/getreall.clicksend.com.mx\/hopeivf\/"},{"@type":"ListItem","position":2,"name":"Cl\u00ednica de fertilidad en M\u00e9xico","item":"https:\/\/getreall.clicksend.com.mx\/hopeivf\/centro-reproduccion-asistida-en-mexico\/"},{"@type":"ListItem","position":3,"name":"M\u00e9dicos de la cl\u00ednica de fertilidad","item":"https:\/\/getreall.clicksend.com.mx\/hopeivf\/centro-reproduccion-asistida-en-mexico\/doctores\/"},{"@type":"ListItem","position":4,"name":"Jorge Alberto Campos Ca\u00f1as"}]},{"@type":"WebSite","@id":"https:\/\/getreall.clicksend.com.mx\/hopeivf\/#website","url":"https:\/\/getreall.clicksend.com.mx\/hopeivf\/","name":"New Hope Fertility","description":"\u00bfProblemas para concebir? Ac\u00e9rcate a nuestra cl\u00ednica de fertilidad, en donde manejamos la mejor tecnolog\u00eda en medicina reproductiva para asegurar una fecundaci\u00f3n no invasiva.","publisher":{"@id":"https:\/\/getreall.clicksend.com.mx\/hopeivf\/#organization"},"potentialAction":[{"@type":"SearchAction","target":{"@type":"EntryPoint","urlTemplate":"https:\/\/getreall.clicksend.com.mx\/hopeivf\/?s={search_term_string}"},"query-input":{"@type":"PropertyValueSpecification","valueRequired":true,"valueName":"search_term_string"}}],"inLanguage":"es"},{"@type":"Organization","@id":"https:\/\/getreall.clicksend.com.mx\/hopeivf\/#organization","name":"New hope fertility center","url":"https:\/\/getreall.clicksend.com.mx\/hopeivf\/","logo":{"@type":"ImageObject","inLanguage":"es","@id":"https:\/\/getreall.clicksend.com.mx\/hopeivf\/#\/schema\/logo\/image\/","url":"https:\/\/getreall.clicksend.com.mx\/hopeivf\/\/wp-content\/uploads\/2021\/08\/logo.png","contentUrl":"https:\/\/getreall.clicksend.com.mx\/hopeivf\/\/wp-content\/uploads\/2021\/08\/logo.png","width":146,"height":64,"caption":"New hope fertility center"},"image":{"@id":"https:\/\/getreall.clicksend.com.mx\/hopeivf\/#\/schema\/logo\/image\/"}}]}},"_links":{"self":[{"href":"https:\/\/getreall.clicksend.com.mx\/hopeivf\/wp-json\/wp\/v2\/pages\/11928","targetHints":{"allow":["GET"]}}],"collection":[{"href":"https:\/\/getreall.clicksend.com.mx\/hopeivf\/wp-json\/wp\/v2\/pages"}],"about":[{"href":"https:\/\/getreall.clicksend.com.mx\/hopeivf\/wp-json\/wp\/v2\/types\/page"}],"author":[{"embeddable":true,"href":"https:\/\/getreall.clicksend.com.mx\/hopeivf\/wp-json\/wp\/v2\/users\/8"}],"replies":[{"embeddable":true,"href":"https:\/\/getreall.clicksend.com.mx\/hopeivf\/wp-json\/wp\/v2\/comments?post=11928"}],"version-history":[{"count":1,"href":"https:\/\/getreall.clicksend.com.mx\/hopeivf\/wp-json\/wp\/v2\/pages\/11928\/revisions"}],"predecessor-version":[{"id":11930,"href":"https:\/\/getreall.clicksend.com.mx\/hopeivf\/wp-json\/wp\/v2\/pages\/11928\/revisions\/11930"}],"up":[{"embeddable":true,"href":"https:\/\/getreall.clicksend.com.mx\/hopeivf\/wp-json\/wp\/v2\/pages\/11269"}],"wp:attachment":[{"href":"https:\/\/getreall.clicksend.com.mx\/hopeivf\/wp-json\/wp\/v2\/media?parent=11928"}],"curies":[{"name":"wp","href":"https:\/\/api.w.org\/{rel}","templated":true}]}}