{"id":11290,"date":"2021-07-14T22:36:14","date_gmt":"2021-07-14T22:36:14","guid":{"rendered":"http:\/\/www.codergirl.site\/?page_id=11290"},"modified":"2021-09-01T17:33:23","modified_gmt":"2021-09-01T22:33:23","slug":"monica-aguinaga-rios","status":"publish","type":"page","link":"https:\/\/getreall.clicksend.com.mx\/hopeivf\/centro-reproduccion-asistida-en-mexico\/doctores\/monica-aguinaga-rios\/","title":{"rendered":"Dra. M\u00f3nica Aguinaga R\u00edos"},"content":{"rendered":"","protected":false},"excerpt":{"rendered":"","protected":false},"author":8,"featured_media":11778,"parent":11269,"menu_order":0,"comment_status":"closed","ping_status":"closed","template":"","meta":{"footnotes":""},"class_list":["post-11290","page","type-page","status-publish","has-post-thumbnail","hentry"],"yoast_head":"<!-- This site is optimized with the Yoast SEO plugin v24.1 - https:\/\/yoast.com\/wordpress\/plugins\/seo\/ -->\n<title>Dra. M\u00f3nica Aguinaga R\u00edos - New Hope Fertility<\/title>\n<meta name=\"description\" content=\"Logra un embarazo libre de defectos gen\u00e9ticos con la Dra. Aguinaga, especialista en Gen\u00e9tica de la Reproducci\u00f3n de nuestra cl\u00ednica de fertilidad.\" \/>\n<meta name=\"robots\" content=\"index, follow, max-snippet:-1, max-image-preview:large, max-video-preview:-1\" \/>\n<link rel=\"canonical\" href=\"https:\/\/getreall.clicksend.com.mx\/hopeivf\/centro-reproduccion-asistida-en-mexico\/doctores\/monica-aguinaga-rios\/\" \/>\n<meta property=\"og:locale\" content=\"es_MX\" \/>\n<meta property=\"og:type\" content=\"article\" \/>\n<meta property=\"og:title\" content=\"Dra. M\u00f3nica Aguinaga R\u00edos - New Hope Fertility\" \/>\n<meta property=\"og:description\" content=\"Logra un embarazo libre de defectos gen\u00e9ticos con la Dra. Aguinaga, especialista en Gen\u00e9tica de la Reproducci\u00f3n de nuestra cl\u00ednica de fertilidad.\" \/>\n<meta property=\"og:url\" content=\"https:\/\/getreall.clicksend.com.mx\/hopeivf\/centro-reproduccion-asistida-en-mexico\/doctores\/monica-aguinaga-rios\/\" \/>\n<meta property=\"og:site_name\" content=\"New Hope Fertility\" \/>\n<meta property=\"article:modified_time\" content=\"2021-09-01T22:33:23+00:00\" \/>\n<meta property=\"og:image\" content=\"https:\/\/getreall.clicksend.com.mx\/hopeivf\/\/wp-content\/uploads\/2021\/09\/monica.jpg\" \/>\n\t<meta property=\"og:image:width\" content=\"600\" \/>\n\t<meta property=\"og:image:height\" content=\"800\" \/>\n\t<meta property=\"og:image:type\" content=\"image\/jpeg\" \/>\n<meta name=\"twitter:card\" content=\"summary_large_image\" \/>\n<script type=\"application\/ld+json\" class=\"yoast-schema-graph\">{\"@context\":\"https:\/\/schema.org\",\"@graph\":[{\"@type\":\"WebPage\",\"@id\":\"https:\/\/getreall.clicksend.com.mx\/hopeivf\/centro-reproduccion-asistida-en-mexico\/doctores\/monica-aguinaga-rios\/\",\"url\":\"https:\/\/getreall.clicksend.com.mx\/hopeivf\/centro-reproduccion-asistida-en-mexico\/doctores\/monica-aguinaga-rios\/\",\"name\":\"Dra. M\u00f3nica Aguinaga R\u00edos - New Hope Fertility\",\"isPartOf\":{\"@id\":\"https:\/\/getreall.clicksend.com.mx\/hopeivf\/#website\"},\"primaryImageOfPage\":{\"@id\":\"https:\/\/getreall.clicksend.com.mx\/hopeivf\/centro-reproduccion-asistida-en-mexico\/doctores\/monica-aguinaga-rios\/#primaryimage\"},\"image\":{\"@id\":\"https:\/\/getreall.clicksend.com.mx\/hopeivf\/centro-reproduccion-asistida-en-mexico\/doctores\/monica-aguinaga-rios\/#primaryimage\"},\"thumbnailUrl\":\"https:\/\/getreall.clicksend.com.mx\/hopeivf\/wp-content\/uploads\/2021\/09\/monica.jpg\",\"datePublished\":\"2021-07-14T22:36:14+00:00\",\"dateModified\":\"2021-09-01T22:33:23+00:00\",\"description\":\"Logra un embarazo libre de defectos gen\u00e9ticos con la Dra. Aguinaga, especialista en Gen\u00e9tica de la Reproducci\u00f3n de nuestra cl\u00ednica de fertilidad.\",\"breadcrumb\":{\"@id\":\"https:\/\/getreall.clicksend.com.mx\/hopeivf\/centro-reproduccion-asistida-en-mexico\/doctores\/monica-aguinaga-rios\/#breadcrumb\"},\"inLanguage\":\"es\",\"potentialAction\":[{\"@type\":\"ReadAction\",\"target\":[\"https:\/\/getreall.clicksend.com.mx\/hopeivf\/centro-reproduccion-asistida-en-mexico\/doctores\/monica-aguinaga-rios\/\"]}]},{\"@type\":\"ImageObject\",\"inLanguage\":\"es\",\"@id\":\"https:\/\/getreall.clicksend.com.mx\/hopeivf\/centro-reproduccion-asistida-en-mexico\/doctores\/monica-aguinaga-rios\/#primaryimage\",\"url\":\"https:\/\/getreall.clicksend.com.mx\/hopeivf\/wp-content\/uploads\/2021\/09\/monica.jpg\",\"contentUrl\":\"https:\/\/getreall.clicksend.com.mx\/hopeivf\/wp-content\/uploads\/2021\/09\/monica.jpg\",\"width\":600,\"height\":800},{\"@type\":\"BreadcrumbList\",\"@id\":\"https:\/\/getreall.clicksend.com.mx\/hopeivf\/centro-reproduccion-asistida-en-mexico\/doctores\/monica-aguinaga-rios\/#breadcrumb\",\"itemListElement\":[{\"@type\":\"ListItem\",\"position\":1,\"name\":\"Home\",\"item\":\"https:\/\/getreall.clicksend.com.mx\/hopeivf\/\"},{\"@type\":\"ListItem\",\"position\":2,\"name\":\"Cl\u00ednica de fertilidad en M\u00e9xico\",\"item\":\"https:\/\/getreall.clicksend.com.mx\/hopeivf\/centro-reproduccion-asistida-en-mexico\/\"},{\"@type\":\"ListItem\",\"position\":3,\"name\":\"M\u00e9dicos de la cl\u00ednica de fertilidad\",\"item\":\"https:\/\/getreall.clicksend.com.mx\/hopeivf\/centro-reproduccion-asistida-en-mexico\/doctores\/\"},{\"@type\":\"ListItem\",\"position\":4,\"name\":\"Dra. M\u00f3nica Aguinaga R\u00edos\"}]},{\"@type\":\"WebSite\",\"@id\":\"https:\/\/getreall.clicksend.com.mx\/hopeivf\/#website\",\"url\":\"https:\/\/getreall.clicksend.com.mx\/hopeivf\/\",\"name\":\"New Hope Fertility\",\"description\":\"\u00bfProblemas para concebir? Ac\u00e9rcate a nuestra cl\u00ednica de fertilidad, en donde manejamos la mejor tecnolog\u00eda en medicina reproductiva para asegurar una fecundaci\u00f3n no invasiva.\",\"publisher\":{\"@id\":\"https:\/\/getreall.clicksend.com.mx\/hopeivf\/#organization\"},\"potentialAction\":[{\"@type\":\"SearchAction\",\"target\":{\"@type\":\"EntryPoint\",\"urlTemplate\":\"https:\/\/getreall.clicksend.com.mx\/hopeivf\/?s={search_term_string}\"},\"query-input\":{\"@type\":\"PropertyValueSpecification\",\"valueRequired\":true,\"valueName\":\"search_term_string\"}}],\"inLanguage\":\"es\"},{\"@type\":\"Organization\",\"@id\":\"https:\/\/getreall.clicksend.com.mx\/hopeivf\/#organization\",\"name\":\"New hope fertility center\",\"url\":\"https:\/\/getreall.clicksend.com.mx\/hopeivf\/\",\"logo\":{\"@type\":\"ImageObject\",\"inLanguage\":\"es\",\"@id\":\"https:\/\/getreall.clicksend.com.mx\/hopeivf\/#\/schema\/logo\/image\/\",\"url\":\"https:\/\/getreall.clicksend.com.mx\/hopeivf\/\/wp-content\/uploads\/2021\/08\/logo.png\",\"contentUrl\":\"https:\/\/getreall.clicksend.com.mx\/hopeivf\/\/wp-content\/uploads\/2021\/08\/logo.png\",\"width\":146,\"height\":64,\"caption\":\"New hope fertility center\"},\"image\":{\"@id\":\"https:\/\/getreall.clicksend.com.mx\/hopeivf\/#\/schema\/logo\/image\/\"}}]}<\/script>\n<!-- \/ Yoast SEO plugin. -->","yoast_head_json":{"title":"Dra. M\u00f3nica Aguinaga R\u00edos - New Hope Fertility","description":"Logra un embarazo libre de defectos gen\u00e9ticos con la Dra. Aguinaga, especialista en Gen\u00e9tica de la Reproducci\u00f3n de nuestra cl\u00ednica de fertilidad.","robots":{"index":"index","follow":"follow","max-snippet":"max-snippet:-1","max-image-preview":"max-image-preview:large","max-video-preview":"max-video-preview:-1"},"canonical":"https:\/\/getreall.clicksend.com.mx\/hopeivf\/centro-reproduccion-asistida-en-mexico\/doctores\/monica-aguinaga-rios\/","og_locale":"es_MX","og_type":"article","og_title":"Dra. M\u00f3nica Aguinaga R\u00edos - New Hope Fertility","og_description":"Logra un embarazo libre de defectos gen\u00e9ticos con la Dra. Aguinaga, especialista en Gen\u00e9tica de la Reproducci\u00f3n de nuestra cl\u00ednica de fertilidad.","og_url":"https:\/\/getreall.clicksend.com.mx\/hopeivf\/centro-reproduccion-asistida-en-mexico\/doctores\/monica-aguinaga-rios\/","og_site_name":"New Hope Fertility","article_modified_time":"2021-09-01T22:33:23+00:00","og_image":[{"width":600,"height":800,"url":"https:\/\/getreall.clicksend.com.mx\/hopeivf\/\/wp-content\/uploads\/2021\/09\/monica.jpg","type":"image\/jpeg"}],"twitter_card":"summary_large_image","schema":{"@context":"https:\/\/schema.org","@graph":[{"@type":"WebPage","@id":"https:\/\/getreall.clicksend.com.mx\/hopeivf\/centro-reproduccion-asistida-en-mexico\/doctores\/monica-aguinaga-rios\/","url":"https:\/\/getreall.clicksend.com.mx\/hopeivf\/centro-reproduccion-asistida-en-mexico\/doctores\/monica-aguinaga-rios\/","name":"Dra. M\u00f3nica Aguinaga R\u00edos - New Hope Fertility","isPartOf":{"@id":"https:\/\/getreall.clicksend.com.mx\/hopeivf\/#website"},"primaryImageOfPage":{"@id":"https:\/\/getreall.clicksend.com.mx\/hopeivf\/centro-reproduccion-asistida-en-mexico\/doctores\/monica-aguinaga-rios\/#primaryimage"},"image":{"@id":"https:\/\/getreall.clicksend.com.mx\/hopeivf\/centro-reproduccion-asistida-en-mexico\/doctores\/monica-aguinaga-rios\/#primaryimage"},"thumbnailUrl":"https:\/\/getreall.clicksend.com.mx\/hopeivf\/wp-content\/uploads\/2021\/09\/monica.jpg","datePublished":"2021-07-14T22:36:14+00:00","dateModified":"2021-09-01T22:33:23+00:00","description":"Logra un embarazo libre de defectos gen\u00e9ticos con la Dra. Aguinaga, especialista en Gen\u00e9tica de la Reproducci\u00f3n de nuestra cl\u00ednica de fertilidad.","breadcrumb":{"@id":"https:\/\/getreall.clicksend.com.mx\/hopeivf\/centro-reproduccion-asistida-en-mexico\/doctores\/monica-aguinaga-rios\/#breadcrumb"},"inLanguage":"es","potentialAction":[{"@type":"ReadAction","target":["https:\/\/getreall.clicksend.com.mx\/hopeivf\/centro-reproduccion-asistida-en-mexico\/doctores\/monica-aguinaga-rios\/"]}]},{"@type":"ImageObject","inLanguage":"es","@id":"https:\/\/getreall.clicksend.com.mx\/hopeivf\/centro-reproduccion-asistida-en-mexico\/doctores\/monica-aguinaga-rios\/#primaryimage","url":"https:\/\/getreall.clicksend.com.mx\/hopeivf\/wp-content\/uploads\/2021\/09\/monica.jpg","contentUrl":"https:\/\/getreall.clicksend.com.mx\/hopeivf\/wp-content\/uploads\/2021\/09\/monica.jpg","width":600,"height":800},{"@type":"BreadcrumbList","@id":"https:\/\/getreall.clicksend.com.mx\/hopeivf\/centro-reproduccion-asistida-en-mexico\/doctores\/monica-aguinaga-rios\/#breadcrumb","itemListElement":[{"@type":"ListItem","position":1,"name":"Home","item":"https:\/\/getreall.clicksend.com.mx\/hopeivf\/"},{"@type":"ListItem","position":2,"name":"Cl\u00ednica de fertilidad en M\u00e9xico","item":"https:\/\/getreall.clicksend.com.mx\/hopeivf\/centro-reproduccion-asistida-en-mexico\/"},{"@type":"ListItem","position":3,"name":"M\u00e9dicos de la cl\u00ednica de fertilidad","item":"https:\/\/getreall.clicksend.com.mx\/hopeivf\/centro-reproduccion-asistida-en-mexico\/doctores\/"},{"@type":"ListItem","position":4,"name":"Dra. M\u00f3nica Aguinaga R\u00edos"}]},{"@type":"WebSite","@id":"https:\/\/getreall.clicksend.com.mx\/hopeivf\/#website","url":"https:\/\/getreall.clicksend.com.mx\/hopeivf\/","name":"New Hope Fertility","description":"\u00bfProblemas para concebir? Ac\u00e9rcate a nuestra cl\u00ednica de fertilidad, en donde manejamos la mejor tecnolog\u00eda en medicina reproductiva para asegurar una fecundaci\u00f3n no invasiva.","publisher":{"@id":"https:\/\/getreall.clicksend.com.mx\/hopeivf\/#organization"},"potentialAction":[{"@type":"SearchAction","target":{"@type":"EntryPoint","urlTemplate":"https:\/\/getreall.clicksend.com.mx\/hopeivf\/?s={search_term_string}"},"query-input":{"@type":"PropertyValueSpecification","valueRequired":true,"valueName":"search_term_string"}}],"inLanguage":"es"},{"@type":"Organization","@id":"https:\/\/getreall.clicksend.com.mx\/hopeivf\/#organization","name":"New hope fertility center","url":"https:\/\/getreall.clicksend.com.mx\/hopeivf\/","logo":{"@type":"ImageObject","inLanguage":"es","@id":"https:\/\/getreall.clicksend.com.mx\/hopeivf\/#\/schema\/logo\/image\/","url":"https:\/\/getreall.clicksend.com.mx\/hopeivf\/\/wp-content\/uploads\/2021\/08\/logo.png","contentUrl":"https:\/\/getreall.clicksend.com.mx\/hopeivf\/\/wp-content\/uploads\/2021\/08\/logo.png","width":146,"height":64,"caption":"New hope fertility center"},"image":{"@id":"https:\/\/getreall.clicksend.com.mx\/hopeivf\/#\/schema\/logo\/image\/"}}]}},"_links":{"self":[{"href":"https:\/\/getreall.clicksend.com.mx\/hopeivf\/wp-json\/wp\/v2\/pages\/11290","targetHints":{"allow":["GET"]}}],"collection":[{"href":"https:\/\/getreall.clicksend.com.mx\/hopeivf\/wp-json\/wp\/v2\/pages"}],"about":[{"href":"https:\/\/getreall.clicksend.com.mx\/hopeivf\/wp-json\/wp\/v2\/types\/page"}],"author":[{"embeddable":true,"href":"https:\/\/getreall.clicksend.com.mx\/hopeivf\/wp-json\/wp\/v2\/users\/8"}],"replies":[{"embeddable":true,"href":"https:\/\/getreall.clicksend.com.mx\/hopeivf\/wp-json\/wp\/v2\/comments?post=11290"}],"version-history":[{"count":2,"href":"https:\/\/getreall.clicksend.com.mx\/hopeivf\/wp-json\/wp\/v2\/pages\/11290\/revisions"}],"predecessor-version":[{"id":11779,"href":"https:\/\/getreall.clicksend.com.mx\/hopeivf\/wp-json\/wp\/v2\/pages\/11290\/revisions\/11779"}],"up":[{"embeddable":true,"href":"https:\/\/getreall.clicksend.com.mx\/hopeivf\/wp-json\/wp\/v2\/pages\/11269"}],"wp:featuredmedia":[{"embeddable":true,"href":"https:\/\/getreall.clicksend.com.mx\/hopeivf\/wp-json\/wp\/v2\/media\/11778"}],"wp:attachment":[{"href":"https:\/\/getreall.clicksend.com.mx\/hopeivf\/wp-json\/wp\/v2\/media?parent=11290"}],"curies":[{"name":"wp","href":"https:\/\/api.w.org\/{rel}","templated":true}]}}