{"id":11235,"date":"2021-06-22T19:07:12","date_gmt":"2021-06-23T00:07:12","guid":{"rendered":"http:\/\/localhost:8888\/desarrollo.nhfc.mx\/?page_id=11235"},"modified":"2021-08-31T18:02:55","modified_gmt":"2021-08-31T23:02:55","slug":"inseminacion-artificial","status":"publish","type":"page","link":"https:\/\/getreall.clicksend.com.mx\/hopeivf\/reproduccion-asistida\/inseminacion-artificial\/","title":{"rendered":"Inseminaci\u00f3n artificial"},"content":{"rendered":"","protected":false},"excerpt":{"rendered":"","protected":false},"author":8,"featured_media":11483,"parent":11223,"menu_order":0,"comment_status":"closed","ping_status":"closed","template":"","meta":{"footnotes":""},"class_list":["post-11235","page","type-page","status-publish","has-post-thumbnail","hentry"],"yoast_head":"<!-- This site is optimized with the Yoast SEO plugin v24.1 - https:\/\/yoast.com\/wordpress\/plugins\/seo\/ -->\n<title>Inseminaci\u00f3n artificial - New Hope Fertility<\/title>\n<meta name=\"description\" content=\"\u00bfHay un problema de fertilidad en la forma o movilidad de los espermatozoides de tu pareja? Descubre por qu\u00e9 la inseminaci\u00f3n artificial es tu mejor opci\u00f3n.\" \/>\n<meta name=\"robots\" content=\"index, follow, max-snippet:-1, max-image-preview:large, max-video-preview:-1\" \/>\n<link rel=\"canonical\" href=\"https:\/\/getreall.clicksend.com.mx\/hopeivf\/reproduccion-asistida\/inseminacion-artificial\/\" \/>\n<meta property=\"og:locale\" content=\"es_MX\" \/>\n<meta property=\"og:type\" content=\"article\" \/>\n<meta property=\"og:title\" content=\"Inseminaci\u00f3n artificial - New Hope Fertility\" \/>\n<meta property=\"og:description\" content=\"\u00bfHay un problema de fertilidad en la forma o movilidad de los espermatozoides de tu pareja? Descubre por qu\u00e9 la inseminaci\u00f3n artificial es tu mejor opci\u00f3n.\" \/>\n<meta property=\"og:url\" content=\"https:\/\/getreall.clicksend.com.mx\/hopeivf\/reproduccion-asistida\/inseminacion-artificial\/\" \/>\n<meta property=\"og:site_name\" content=\"New Hope Fertility\" \/>\n<meta property=\"article:modified_time\" content=\"2021-08-31T23:02:55+00:00\" \/>\n<meta property=\"og:image\" content=\"https:\/\/getreall.clicksend.com.mx\/hopeivf\/\/wp-content\/uploads\/2019\/10\/los-beneficios-de-fecundacion-in-vitro.jpg\" \/>\n\t<meta property=\"og:image:width\" content=\"940\" \/>\n\t<meta property=\"og:image:height\" content=\"500\" \/>\n\t<meta property=\"og:image:type\" content=\"image\/jpeg\" \/>\n<meta name=\"twitter:card\" content=\"summary_large_image\" \/>\n<script type=\"application\/ld+json\" class=\"yoast-schema-graph\">{\"@context\":\"https:\/\/schema.org\",\"@graph\":[{\"@type\":\"WebPage\",\"@id\":\"https:\/\/getreall.clicksend.com.mx\/hopeivf\/reproduccion-asistida\/inseminacion-artificial\/\",\"url\":\"https:\/\/getreall.clicksend.com.mx\/hopeivf\/reproduccion-asistida\/inseminacion-artificial\/\",\"name\":\"Inseminaci\u00f3n artificial - New Hope Fertility\",\"isPartOf\":{\"@id\":\"https:\/\/getreall.clicksend.com.mx\/hopeivf\/#website\"},\"primaryImageOfPage\":{\"@id\":\"https:\/\/getreall.clicksend.com.mx\/hopeivf\/reproduccion-asistida\/inseminacion-artificial\/#primaryimage\"},\"image\":{\"@id\":\"https:\/\/getreall.clicksend.com.mx\/hopeivf\/reproduccion-asistida\/inseminacion-artificial\/#primaryimage\"},\"thumbnailUrl\":\"https:\/\/getreall.clicksend.com.mx\/hopeivf\/wp-content\/uploads\/2019\/10\/los-beneficios-de-fecundacion-in-vitro.jpg\",\"datePublished\":\"2021-06-23T00:07:12+00:00\",\"dateModified\":\"2021-08-31T23:02:55+00:00\",\"description\":\"\u00bfHay un problema de fertilidad en la forma o movilidad de los espermatozoides de tu pareja? Descubre por qu\u00e9 la inseminaci\u00f3n artificial es tu mejor opci\u00f3n.\",\"breadcrumb\":{\"@id\":\"https:\/\/getreall.clicksend.com.mx\/hopeivf\/reproduccion-asistida\/inseminacion-artificial\/#breadcrumb\"},\"inLanguage\":\"es\",\"potentialAction\":[{\"@type\":\"ReadAction\",\"target\":[\"https:\/\/getreall.clicksend.com.mx\/hopeivf\/reproduccion-asistida\/inseminacion-artificial\/\"]}]},{\"@type\":\"ImageObject\",\"inLanguage\":\"es\",\"@id\":\"https:\/\/getreall.clicksend.com.mx\/hopeivf\/reproduccion-asistida\/inseminacion-artificial\/#primaryimage\",\"url\":\"https:\/\/getreall.clicksend.com.mx\/hopeivf\/wp-content\/uploads\/2019\/10\/los-beneficios-de-fecundacion-in-vitro.jpg\",\"contentUrl\":\"https:\/\/getreall.clicksend.com.mx\/hopeivf\/wp-content\/uploads\/2019\/10\/los-beneficios-de-fecundacion-in-vitro.jpg\",\"width\":940,\"height\":500,\"caption\":\"beneficios de fecundaci\u00f3n in vitro\"},{\"@type\":\"BreadcrumbList\",\"@id\":\"https:\/\/getreall.clicksend.com.mx\/hopeivf\/reproduccion-asistida\/inseminacion-artificial\/#breadcrumb\",\"itemListElement\":[{\"@type\":\"ListItem\",\"position\":1,\"name\":\"Home\",\"item\":\"https:\/\/getreall.clicksend.com.mx\/hopeivf\/\"},{\"@type\":\"ListItem\",\"position\":2,\"name\":\"Logra el embarazo con reproducci\u00f3n asistida\",\"item\":\"https:\/\/getreall.clicksend.com.mx\/hopeivf\/reproduccion-asistida\/\"},{\"@type\":\"ListItem\",\"position\":3,\"name\":\"Inseminaci\u00f3n artificial\"}]},{\"@type\":\"WebSite\",\"@id\":\"https:\/\/getreall.clicksend.com.mx\/hopeivf\/#website\",\"url\":\"https:\/\/getreall.clicksend.com.mx\/hopeivf\/\",\"name\":\"New Hope Fertility\",\"description\":\"\u00bfProblemas para concebir? Ac\u00e9rcate a nuestra cl\u00ednica de fertilidad, en donde manejamos la mejor tecnolog\u00eda en medicina reproductiva para asegurar una fecundaci\u00f3n no invasiva.\",\"publisher\":{\"@id\":\"https:\/\/getreall.clicksend.com.mx\/hopeivf\/#organization\"},\"potentialAction\":[{\"@type\":\"SearchAction\",\"target\":{\"@type\":\"EntryPoint\",\"urlTemplate\":\"https:\/\/getreall.clicksend.com.mx\/hopeivf\/?s={search_term_string}\"},\"query-input\":{\"@type\":\"PropertyValueSpecification\",\"valueRequired\":true,\"valueName\":\"search_term_string\"}}],\"inLanguage\":\"es\"},{\"@type\":\"Organization\",\"@id\":\"https:\/\/getreall.clicksend.com.mx\/hopeivf\/#organization\",\"name\":\"New hope fertility center\",\"url\":\"https:\/\/getreall.clicksend.com.mx\/hopeivf\/\",\"logo\":{\"@type\":\"ImageObject\",\"inLanguage\":\"es\",\"@id\":\"https:\/\/getreall.clicksend.com.mx\/hopeivf\/#\/schema\/logo\/image\/\",\"url\":\"https:\/\/getreall.clicksend.com.mx\/hopeivf\/\/wp-content\/uploads\/2021\/08\/logo.png\",\"contentUrl\":\"https:\/\/getreall.clicksend.com.mx\/hopeivf\/\/wp-content\/uploads\/2021\/08\/logo.png\",\"width\":146,\"height\":64,\"caption\":\"New hope fertility center\"},\"image\":{\"@id\":\"https:\/\/getreall.clicksend.com.mx\/hopeivf\/#\/schema\/logo\/image\/\"}}]}<\/script>\n<!-- \/ Yoast SEO plugin. -->","yoast_head_json":{"title":"Inseminaci\u00f3n artificial - New Hope Fertility","description":"\u00bfHay un problema de fertilidad en la forma o movilidad de los espermatozoides de tu pareja? Descubre por qu\u00e9 la inseminaci\u00f3n artificial es tu mejor opci\u00f3n.","robots":{"index":"index","follow":"follow","max-snippet":"max-snippet:-1","max-image-preview":"max-image-preview:large","max-video-preview":"max-video-preview:-1"},"canonical":"https:\/\/getreall.clicksend.com.mx\/hopeivf\/reproduccion-asistida\/inseminacion-artificial\/","og_locale":"es_MX","og_type":"article","og_title":"Inseminaci\u00f3n artificial - New Hope Fertility","og_description":"\u00bfHay un problema de fertilidad en la forma o movilidad de los espermatozoides de tu pareja? Descubre por qu\u00e9 la inseminaci\u00f3n artificial es tu mejor opci\u00f3n.","og_url":"https:\/\/getreall.clicksend.com.mx\/hopeivf\/reproduccion-asistida\/inseminacion-artificial\/","og_site_name":"New Hope Fertility","article_modified_time":"2021-08-31T23:02:55+00:00","og_image":[{"width":940,"height":500,"url":"https:\/\/getreall.clicksend.com.mx\/hopeivf\/\/wp-content\/uploads\/2019\/10\/los-beneficios-de-fecundacion-in-vitro.jpg","type":"image\/jpeg"}],"twitter_card":"summary_large_image","schema":{"@context":"https:\/\/schema.org","@graph":[{"@type":"WebPage","@id":"https:\/\/getreall.clicksend.com.mx\/hopeivf\/reproduccion-asistida\/inseminacion-artificial\/","url":"https:\/\/getreall.clicksend.com.mx\/hopeivf\/reproduccion-asistida\/inseminacion-artificial\/","name":"Inseminaci\u00f3n artificial - New Hope Fertility","isPartOf":{"@id":"https:\/\/getreall.clicksend.com.mx\/hopeivf\/#website"},"primaryImageOfPage":{"@id":"https:\/\/getreall.clicksend.com.mx\/hopeivf\/reproduccion-asistida\/inseminacion-artificial\/#primaryimage"},"image":{"@id":"https:\/\/getreall.clicksend.com.mx\/hopeivf\/reproduccion-asistida\/inseminacion-artificial\/#primaryimage"},"thumbnailUrl":"https:\/\/getreall.clicksend.com.mx\/hopeivf\/wp-content\/uploads\/2019\/10\/los-beneficios-de-fecundacion-in-vitro.jpg","datePublished":"2021-06-23T00:07:12+00:00","dateModified":"2021-08-31T23:02:55+00:00","description":"\u00bfHay un problema de fertilidad en la forma o movilidad de los espermatozoides de tu pareja? Descubre por qu\u00e9 la inseminaci\u00f3n artificial es tu mejor opci\u00f3n.","breadcrumb":{"@id":"https:\/\/getreall.clicksend.com.mx\/hopeivf\/reproduccion-asistida\/inseminacion-artificial\/#breadcrumb"},"inLanguage":"es","potentialAction":[{"@type":"ReadAction","target":["https:\/\/getreall.clicksend.com.mx\/hopeivf\/reproduccion-asistida\/inseminacion-artificial\/"]}]},{"@type":"ImageObject","inLanguage":"es","@id":"https:\/\/getreall.clicksend.com.mx\/hopeivf\/reproduccion-asistida\/inseminacion-artificial\/#primaryimage","url":"https:\/\/getreall.clicksend.com.mx\/hopeivf\/wp-content\/uploads\/2019\/10\/los-beneficios-de-fecundacion-in-vitro.jpg","contentUrl":"https:\/\/getreall.clicksend.com.mx\/hopeivf\/wp-content\/uploads\/2019\/10\/los-beneficios-de-fecundacion-in-vitro.jpg","width":940,"height":500,"caption":"beneficios de fecundaci\u00f3n in vitro"},{"@type":"BreadcrumbList","@id":"https:\/\/getreall.clicksend.com.mx\/hopeivf\/reproduccion-asistida\/inseminacion-artificial\/#breadcrumb","itemListElement":[{"@type":"ListItem","position":1,"name":"Home","item":"https:\/\/getreall.clicksend.com.mx\/hopeivf\/"},{"@type":"ListItem","position":2,"name":"Logra el embarazo con reproducci\u00f3n asistida","item":"https:\/\/getreall.clicksend.com.mx\/hopeivf\/reproduccion-asistida\/"},{"@type":"ListItem","position":3,"name":"Inseminaci\u00f3n artificial"}]},{"@type":"WebSite","@id":"https:\/\/getreall.clicksend.com.mx\/hopeivf\/#website","url":"https:\/\/getreall.clicksend.com.mx\/hopeivf\/","name":"New Hope Fertility","description":"\u00bfProblemas para concebir? Ac\u00e9rcate a nuestra cl\u00ednica de fertilidad, en donde manejamos la mejor tecnolog\u00eda en medicina reproductiva para asegurar una fecundaci\u00f3n no invasiva.","publisher":{"@id":"https:\/\/getreall.clicksend.com.mx\/hopeivf\/#organization"},"potentialAction":[{"@type":"SearchAction","target":{"@type":"EntryPoint","urlTemplate":"https:\/\/getreall.clicksend.com.mx\/hopeivf\/?s={search_term_string}"},"query-input":{"@type":"PropertyValueSpecification","valueRequired":true,"valueName":"search_term_string"}}],"inLanguage":"es"},{"@type":"Organization","@id":"https:\/\/getreall.clicksend.com.mx\/hopeivf\/#organization","name":"New hope fertility center","url":"https:\/\/getreall.clicksend.com.mx\/hopeivf\/","logo":{"@type":"ImageObject","inLanguage":"es","@id":"https:\/\/getreall.clicksend.com.mx\/hopeivf\/#\/schema\/logo\/image\/","url":"https:\/\/getreall.clicksend.com.mx\/hopeivf\/\/wp-content\/uploads\/2021\/08\/logo.png","contentUrl":"https:\/\/getreall.clicksend.com.mx\/hopeivf\/\/wp-content\/uploads\/2021\/08\/logo.png","width":146,"height":64,"caption":"New hope fertility center"},"image":{"@id":"https:\/\/getreall.clicksend.com.mx\/hopeivf\/#\/schema\/logo\/image\/"}}]}},"_links":{"self":[{"href":"https:\/\/getreall.clicksend.com.mx\/hopeivf\/wp-json\/wp\/v2\/pages\/11235","targetHints":{"allow":["GET"]}}],"collection":[{"href":"https:\/\/getreall.clicksend.com.mx\/hopeivf\/wp-json\/wp\/v2\/pages"}],"about":[{"href":"https:\/\/getreall.clicksend.com.mx\/hopeivf\/wp-json\/wp\/v2\/types\/page"}],"author":[{"embeddable":true,"href":"https:\/\/getreall.clicksend.com.mx\/hopeivf\/wp-json\/wp\/v2\/users\/8"}],"replies":[{"embeddable":true,"href":"https:\/\/getreall.clicksend.com.mx\/hopeivf\/wp-json\/wp\/v2\/comments?post=11235"}],"version-history":[{"count":1,"href":"https:\/\/getreall.clicksend.com.mx\/hopeivf\/wp-json\/wp\/v2\/pages\/11235\/revisions"}],"predecessor-version":[{"id":11733,"href":"https:\/\/getreall.clicksend.com.mx\/hopeivf\/wp-json\/wp\/v2\/pages\/11235\/revisions\/11733"}],"up":[{"embeddable":true,"href":"https:\/\/getreall.clicksend.com.mx\/hopeivf\/wp-json\/wp\/v2\/pages\/11223"}],"wp:featuredmedia":[{"embeddable":true,"href":"https:\/\/getreall.clicksend.com.mx\/hopeivf\/wp-json\/wp\/v2\/media\/11483"}],"wp:attachment":[{"href":"https:\/\/getreall.clicksend.com.mx\/hopeivf\/wp-json\/wp\/v2\/media?parent=11235"}],"curies":[{"name":"wp","href":"https:\/\/api.w.org\/{rel}","templated":true}]}}