{"id":11233,"date":"2021-06-22T19:04:32","date_gmt":"2021-06-23T00:04:32","guid":{"rendered":"http:\/\/localhost:8888\/desarrollo.nhfc.mx\/?page_id=11233"},"modified":"2021-08-31T18:05:12","modified_gmt":"2021-08-31T23:05:12","slug":"ovodon","status":"publish","type":"page","link":"https:\/\/getreall.clicksend.com.mx\/hopeivf\/reproduccion-asistida\/fertilizacion-in-vitro\/ovodon\/","title":{"rendered":"Ovod\u00f3n, Fertilizaci\u00f3n In Vitro"},"content":{"rendered":"","protected":false},"excerpt":{"rendered":"","protected":false},"author":8,"featured_media":11522,"parent":11227,"menu_order":0,"comment_status":"closed","ping_status":"closed","template":"","meta":{"footnotes":""},"class_list":["post-11233","page","type-page","status-publish","has-post-thumbnail","hentry"],"yoast_head":"<!-- This site is optimized with the Yoast SEO plugin v24.1 - https:\/\/yoast.com\/wordpress\/plugins\/seo\/ -->\n<title>Ovod\u00f3n, Fertilizaci\u00f3n In Vitro - New Hope Fertility<\/title>\n<meta name=\"description\" content=\"\u00bfPor tu edad o diagn\u00f3stico no te puedes embarazar? Recibe una donaci\u00f3n de \u00f3vulos y realiza una fertilizaci\u00f3n in vitro en nuestra cl\u00ednica de fertilidad.\" \/>\n<meta name=\"robots\" content=\"index, follow, max-snippet:-1, max-image-preview:large, max-video-preview:-1\" \/>\n<link rel=\"canonical\" href=\"https:\/\/getreall.clicksend.com.mx\/hopeivf\/reproduccion-asistida\/fertilizacion-in-vitro\/ovodon\/\" \/>\n<meta property=\"og:locale\" content=\"es_MX\" \/>\n<meta property=\"og:type\" content=\"article\" \/>\n<meta property=\"og:title\" content=\"Ovod\u00f3n, Fertilizaci\u00f3n In Vitro - New Hope Fertility\" \/>\n<meta property=\"og:description\" content=\"\u00bfPor tu edad o diagn\u00f3stico no te puedes embarazar? Recibe una donaci\u00f3n de \u00f3vulos y realiza una fertilizaci\u00f3n in vitro en nuestra cl\u00ednica de fertilidad.\" \/>\n<meta property=\"og:url\" content=\"https:\/\/getreall.clicksend.com.mx\/hopeivf\/reproduccion-asistida\/fertilizacion-in-vitro\/ovodon\/\" \/>\n<meta property=\"og:site_name\" content=\"New Hope Fertility\" \/>\n<meta property=\"article:modified_time\" content=\"2021-08-31T23:05:12+00:00\" \/>\n<meta property=\"og:image\" content=\"https:\/\/getreall.clicksend.com.mx\/hopeivf\/\/wp-content\/uploads\/2020\/03\/New-Hope-tratamientos-existentes-.png\" \/>\n\t<meta property=\"og:image:width\" content=\"931\" \/>\n\t<meta property=\"og:image:height\" content=\"700\" \/>\n\t<meta property=\"og:image:type\" content=\"image\/png\" \/>\n<meta name=\"twitter:card\" content=\"summary_large_image\" \/>\n<script type=\"application\/ld+json\" class=\"yoast-schema-graph\">{\"@context\":\"https:\/\/schema.org\",\"@graph\":[{\"@type\":\"WebPage\",\"@id\":\"https:\/\/getreall.clicksend.com.mx\/hopeivf\/reproduccion-asistida\/fertilizacion-in-vitro\/ovodon\/\",\"url\":\"https:\/\/getreall.clicksend.com.mx\/hopeivf\/reproduccion-asistida\/fertilizacion-in-vitro\/ovodon\/\",\"name\":\"Ovod\u00f3n, Fertilizaci\u00f3n In Vitro - New Hope Fertility\",\"isPartOf\":{\"@id\":\"https:\/\/getreall.clicksend.com.mx\/hopeivf\/#website\"},\"primaryImageOfPage\":{\"@id\":\"https:\/\/getreall.clicksend.com.mx\/hopeivf\/reproduccion-asistida\/fertilizacion-in-vitro\/ovodon\/#primaryimage\"},\"image\":{\"@id\":\"https:\/\/getreall.clicksend.com.mx\/hopeivf\/reproduccion-asistida\/fertilizacion-in-vitro\/ovodon\/#primaryimage\"},\"thumbnailUrl\":\"https:\/\/getreall.clicksend.com.mx\/hopeivf\/wp-content\/uploads\/2020\/03\/New-Hope-tratamientos-existentes-.png\",\"datePublished\":\"2021-06-23T00:04:32+00:00\",\"dateModified\":\"2021-08-31T23:05:12+00:00\",\"description\":\"\u00bfPor tu edad o diagn\u00f3stico no te puedes embarazar? Recibe una donaci\u00f3n de \u00f3vulos y realiza una fertilizaci\u00f3n in vitro en nuestra cl\u00ednica de fertilidad.\",\"breadcrumb\":{\"@id\":\"https:\/\/getreall.clicksend.com.mx\/hopeivf\/reproduccion-asistida\/fertilizacion-in-vitro\/ovodon\/#breadcrumb\"},\"inLanguage\":\"es\",\"potentialAction\":[{\"@type\":\"ReadAction\",\"target\":[\"https:\/\/getreall.clicksend.com.mx\/hopeivf\/reproduccion-asistida\/fertilizacion-in-vitro\/ovodon\/\"]}]},{\"@type\":\"ImageObject\",\"inLanguage\":\"es\",\"@id\":\"https:\/\/getreall.clicksend.com.mx\/hopeivf\/reproduccion-asistida\/fertilizacion-in-vitro\/ovodon\/#primaryimage\",\"url\":\"https:\/\/getreall.clicksend.com.mx\/hopeivf\/wp-content\/uploads\/2020\/03\/New-Hope-tratamientos-existentes-.png\",\"contentUrl\":\"https:\/\/getreall.clicksend.com.mx\/hopeivf\/wp-content\/uploads\/2020\/03\/New-Hope-tratamientos-existentes-.png\",\"width\":931,\"height\":700,\"caption\":\"\u00bfCu\u00e1ntos tratamientos de fertilidad existen?\"},{\"@type\":\"BreadcrumbList\",\"@id\":\"https:\/\/getreall.clicksend.com.mx\/hopeivf\/reproduccion-asistida\/fertilizacion-in-vitro\/ovodon\/#breadcrumb\",\"itemListElement\":[{\"@type\":\"ListItem\",\"position\":1,\"name\":\"Home\",\"item\":\"https:\/\/getreall.clicksend.com.mx\/hopeivf\/\"},{\"@type\":\"ListItem\",\"position\":2,\"name\":\"Logra el embarazo con reproducci\u00f3n asistida\",\"item\":\"https:\/\/getreall.clicksend.com.mx\/hopeivf\/reproduccion-asistida\/\"},{\"@type\":\"ListItem\",\"position\":3,\"name\":\"Fertilizaci\u00f3n In Vitro\",\"item\":\"https:\/\/getreall.clicksend.com.mx\/hopeivf\/reproduccion-asistida\/fertilizacion-in-vitro\/\"},{\"@type\":\"ListItem\",\"position\":4,\"name\":\"Ovod\u00f3n, Fertilizaci\u00f3n In Vitro\"}]},{\"@type\":\"WebSite\",\"@id\":\"https:\/\/getreall.clicksend.com.mx\/hopeivf\/#website\",\"url\":\"https:\/\/getreall.clicksend.com.mx\/hopeivf\/\",\"name\":\"New Hope Fertility\",\"description\":\"\u00bfProblemas para concebir? Ac\u00e9rcate a nuestra cl\u00ednica de fertilidad, en donde manejamos la mejor tecnolog\u00eda en medicina reproductiva para asegurar una fecundaci\u00f3n no invasiva.\",\"publisher\":{\"@id\":\"https:\/\/getreall.clicksend.com.mx\/hopeivf\/#organization\"},\"potentialAction\":[{\"@type\":\"SearchAction\",\"target\":{\"@type\":\"EntryPoint\",\"urlTemplate\":\"https:\/\/getreall.clicksend.com.mx\/hopeivf\/?s={search_term_string}\"},\"query-input\":{\"@type\":\"PropertyValueSpecification\",\"valueRequired\":true,\"valueName\":\"search_term_string\"}}],\"inLanguage\":\"es\"},{\"@type\":\"Organization\",\"@id\":\"https:\/\/getreall.clicksend.com.mx\/hopeivf\/#organization\",\"name\":\"New hope fertility center\",\"url\":\"https:\/\/getreall.clicksend.com.mx\/hopeivf\/\",\"logo\":{\"@type\":\"ImageObject\",\"inLanguage\":\"es\",\"@id\":\"https:\/\/getreall.clicksend.com.mx\/hopeivf\/#\/schema\/logo\/image\/\",\"url\":\"https:\/\/getreall.clicksend.com.mx\/hopeivf\/\/wp-content\/uploads\/2021\/08\/logo.png\",\"contentUrl\":\"https:\/\/getreall.clicksend.com.mx\/hopeivf\/\/wp-content\/uploads\/2021\/08\/logo.png\",\"width\":146,\"height\":64,\"caption\":\"New hope fertility center\"},\"image\":{\"@id\":\"https:\/\/getreall.clicksend.com.mx\/hopeivf\/#\/schema\/logo\/image\/\"}}]}<\/script>\n<!-- \/ Yoast SEO plugin. -->","yoast_head_json":{"title":"Ovod\u00f3n, Fertilizaci\u00f3n In Vitro - New Hope Fertility","description":"\u00bfPor tu edad o diagn\u00f3stico no te puedes embarazar? Recibe una donaci\u00f3n de \u00f3vulos y realiza una fertilizaci\u00f3n in vitro en nuestra cl\u00ednica de fertilidad.","robots":{"index":"index","follow":"follow","max-snippet":"max-snippet:-1","max-image-preview":"max-image-preview:large","max-video-preview":"max-video-preview:-1"},"canonical":"https:\/\/getreall.clicksend.com.mx\/hopeivf\/reproduccion-asistida\/fertilizacion-in-vitro\/ovodon\/","og_locale":"es_MX","og_type":"article","og_title":"Ovod\u00f3n, Fertilizaci\u00f3n In Vitro - New Hope Fertility","og_description":"\u00bfPor tu edad o diagn\u00f3stico no te puedes embarazar? Recibe una donaci\u00f3n de \u00f3vulos y realiza una fertilizaci\u00f3n in vitro en nuestra cl\u00ednica de fertilidad.","og_url":"https:\/\/getreall.clicksend.com.mx\/hopeivf\/reproduccion-asistida\/fertilizacion-in-vitro\/ovodon\/","og_site_name":"New Hope Fertility","article_modified_time":"2021-08-31T23:05:12+00:00","og_image":[{"width":931,"height":700,"url":"https:\/\/getreall.clicksend.com.mx\/hopeivf\/\/wp-content\/uploads\/2020\/03\/New-Hope-tratamientos-existentes-.png","type":"image\/png"}],"twitter_card":"summary_large_image","schema":{"@context":"https:\/\/schema.org","@graph":[{"@type":"WebPage","@id":"https:\/\/getreall.clicksend.com.mx\/hopeivf\/reproduccion-asistida\/fertilizacion-in-vitro\/ovodon\/","url":"https:\/\/getreall.clicksend.com.mx\/hopeivf\/reproduccion-asistida\/fertilizacion-in-vitro\/ovodon\/","name":"Ovod\u00f3n, Fertilizaci\u00f3n In Vitro - New Hope Fertility","isPartOf":{"@id":"https:\/\/getreall.clicksend.com.mx\/hopeivf\/#website"},"primaryImageOfPage":{"@id":"https:\/\/getreall.clicksend.com.mx\/hopeivf\/reproduccion-asistida\/fertilizacion-in-vitro\/ovodon\/#primaryimage"},"image":{"@id":"https:\/\/getreall.clicksend.com.mx\/hopeivf\/reproduccion-asistida\/fertilizacion-in-vitro\/ovodon\/#primaryimage"},"thumbnailUrl":"https:\/\/getreall.clicksend.com.mx\/hopeivf\/wp-content\/uploads\/2020\/03\/New-Hope-tratamientos-existentes-.png","datePublished":"2021-06-23T00:04:32+00:00","dateModified":"2021-08-31T23:05:12+00:00","description":"\u00bfPor tu edad o diagn\u00f3stico no te puedes embarazar? Recibe una donaci\u00f3n de \u00f3vulos y realiza una fertilizaci\u00f3n in vitro en nuestra cl\u00ednica de fertilidad.","breadcrumb":{"@id":"https:\/\/getreall.clicksend.com.mx\/hopeivf\/reproduccion-asistida\/fertilizacion-in-vitro\/ovodon\/#breadcrumb"},"inLanguage":"es","potentialAction":[{"@type":"ReadAction","target":["https:\/\/getreall.clicksend.com.mx\/hopeivf\/reproduccion-asistida\/fertilizacion-in-vitro\/ovodon\/"]}]},{"@type":"ImageObject","inLanguage":"es","@id":"https:\/\/getreall.clicksend.com.mx\/hopeivf\/reproduccion-asistida\/fertilizacion-in-vitro\/ovodon\/#primaryimage","url":"https:\/\/getreall.clicksend.com.mx\/hopeivf\/wp-content\/uploads\/2020\/03\/New-Hope-tratamientos-existentes-.png","contentUrl":"https:\/\/getreall.clicksend.com.mx\/hopeivf\/wp-content\/uploads\/2020\/03\/New-Hope-tratamientos-existentes-.png","width":931,"height":700,"caption":"\u00bfCu\u00e1ntos tratamientos de fertilidad existen?"},{"@type":"BreadcrumbList","@id":"https:\/\/getreall.clicksend.com.mx\/hopeivf\/reproduccion-asistida\/fertilizacion-in-vitro\/ovodon\/#breadcrumb","itemListElement":[{"@type":"ListItem","position":1,"name":"Home","item":"https:\/\/getreall.clicksend.com.mx\/hopeivf\/"},{"@type":"ListItem","position":2,"name":"Logra el embarazo con reproducci\u00f3n asistida","item":"https:\/\/getreall.clicksend.com.mx\/hopeivf\/reproduccion-asistida\/"},{"@type":"ListItem","position":3,"name":"Fertilizaci\u00f3n In Vitro","item":"https:\/\/getreall.clicksend.com.mx\/hopeivf\/reproduccion-asistida\/fertilizacion-in-vitro\/"},{"@type":"ListItem","position":4,"name":"Ovod\u00f3n, Fertilizaci\u00f3n In Vitro"}]},{"@type":"WebSite","@id":"https:\/\/getreall.clicksend.com.mx\/hopeivf\/#website","url":"https:\/\/getreall.clicksend.com.mx\/hopeivf\/","name":"New Hope Fertility","description":"\u00bfProblemas para concebir? Ac\u00e9rcate a nuestra cl\u00ednica de fertilidad, en donde manejamos la mejor tecnolog\u00eda en medicina reproductiva para asegurar una fecundaci\u00f3n no invasiva.","publisher":{"@id":"https:\/\/getreall.clicksend.com.mx\/hopeivf\/#organization"},"potentialAction":[{"@type":"SearchAction","target":{"@type":"EntryPoint","urlTemplate":"https:\/\/getreall.clicksend.com.mx\/hopeivf\/?s={search_term_string}"},"query-input":{"@type":"PropertyValueSpecification","valueRequired":true,"valueName":"search_term_string"}}],"inLanguage":"es"},{"@type":"Organization","@id":"https:\/\/getreall.clicksend.com.mx\/hopeivf\/#organization","name":"New hope fertility center","url":"https:\/\/getreall.clicksend.com.mx\/hopeivf\/","logo":{"@type":"ImageObject","inLanguage":"es","@id":"https:\/\/getreall.clicksend.com.mx\/hopeivf\/#\/schema\/logo\/image\/","url":"https:\/\/getreall.clicksend.com.mx\/hopeivf\/\/wp-content\/uploads\/2021\/08\/logo.png","contentUrl":"https:\/\/getreall.clicksend.com.mx\/hopeivf\/\/wp-content\/uploads\/2021\/08\/logo.png","width":146,"height":64,"caption":"New hope fertility center"},"image":{"@id":"https:\/\/getreall.clicksend.com.mx\/hopeivf\/#\/schema\/logo\/image\/"}}]}},"_links":{"self":[{"href":"https:\/\/getreall.clicksend.com.mx\/hopeivf\/wp-json\/wp\/v2\/pages\/11233","targetHints":{"allow":["GET"]}}],"collection":[{"href":"https:\/\/getreall.clicksend.com.mx\/hopeivf\/wp-json\/wp\/v2\/pages"}],"about":[{"href":"https:\/\/getreall.clicksend.com.mx\/hopeivf\/wp-json\/wp\/v2\/types\/page"}],"author":[{"embeddable":true,"href":"https:\/\/getreall.clicksend.com.mx\/hopeivf\/wp-json\/wp\/v2\/users\/8"}],"replies":[{"embeddable":true,"href":"https:\/\/getreall.clicksend.com.mx\/hopeivf\/wp-json\/wp\/v2\/comments?post=11233"}],"version-history":[{"count":1,"href":"https:\/\/getreall.clicksend.com.mx\/hopeivf\/wp-json\/wp\/v2\/pages\/11233\/revisions"}],"predecessor-version":[{"id":11732,"href":"https:\/\/getreall.clicksend.com.mx\/hopeivf\/wp-json\/wp\/v2\/pages\/11233\/revisions\/11732"}],"up":[{"embeddable":true,"href":"https:\/\/getreall.clicksend.com.mx\/hopeivf\/wp-json\/wp\/v2\/pages\/11227"}],"wp:featuredmedia":[{"embeddable":true,"href":"https:\/\/getreall.clicksend.com.mx\/hopeivf\/wp-json\/wp\/v2\/media\/11522"}],"wp:attachment":[{"href":"https:\/\/getreall.clicksend.com.mx\/hopeivf\/wp-json\/wp\/v2\/media?parent=11233"}],"curies":[{"name":"wp","href":"https:\/\/api.w.org\/{rel}","templated":true}]}}