{"id":11231,"date":"2021-06-22T19:00:55","date_gmt":"2021-06-23T00:00:55","guid":{"rendered":"http:\/\/localhost:8888\/desarrollo.nhfc.mx\/?page_id=11231"},"modified":"2021-08-31T18:06:36","modified_gmt":"2021-08-31T23:06:36","slug":"minifiv","status":"publish","type":"page","link":"https:\/\/getreall.clicksend.com.mx\/hopeivf\/reproduccion-asistida\/fertilizacion-in-vitro\/minifiv\/","title":{"rendered":"Mini Fertilizaci\u00f3n In Vitro"},"content":{"rendered":"","protected":false},"excerpt":{"rendered":"","protected":false},"author":8,"featured_media":11327,"parent":11227,"menu_order":0,"comment_status":"closed","ping_status":"closed","template":"","meta":{"footnotes":""},"class_list":["post-11231","page","type-page","status-publish","has-post-thumbnail","hentry"],"yoast_head":"<!-- This site is optimized with the Yoast SEO plugin v24.1 - https:\/\/yoast.com\/wordpress\/plugins\/seo\/ -->\n<title>Mini Fertilizaci\u00f3n In Vitro - New Hope Fertility<\/title>\n<meta name=\"description\" content=\"Escoge una alternativa de fertilizaci\u00f3n in vitro menos invasiva. Embar\u00e1zate desde el primer ciclo. El trato en nuestra cl\u00ednica de fertilidad es personal.\" \/>\n<meta name=\"robots\" content=\"index, follow, max-snippet:-1, max-image-preview:large, max-video-preview:-1\" \/>\n<link rel=\"canonical\" href=\"https:\/\/getreall.clicksend.com.mx\/hopeivf\/reproduccion-asistida\/fertilizacion-in-vitro\/minifiv\/\" \/>\n<meta property=\"og:locale\" content=\"es_MX\" \/>\n<meta property=\"og:type\" content=\"article\" \/>\n<meta property=\"og:title\" content=\"Mini Fertilizaci\u00f3n In Vitro - New Hope Fertility\" \/>\n<meta property=\"og:description\" content=\"Escoge una alternativa de fertilizaci\u00f3n in vitro menos invasiva. Embar\u00e1zate desde el primer ciclo. El trato en nuestra cl\u00ednica de fertilidad es personal.\" \/>\n<meta property=\"og:url\" content=\"https:\/\/getreall.clicksend.com.mx\/hopeivf\/reproduccion-asistida\/fertilizacion-in-vitro\/minifiv\/\" \/>\n<meta property=\"og:site_name\" content=\"New Hope Fertility\" \/>\n<meta property=\"article:modified_time\" content=\"2021-08-31T23:06:36+00:00\" \/>\n<meta property=\"og:image\" content=\"https:\/\/getreall.clicksend.com.mx\/hopeivf\/\/wp-content\/uploads\/2018\/07\/minifiv-940x500-1.jpg\" \/>\n\t<meta property=\"og:image:width\" content=\"940\" \/>\n\t<meta property=\"og:image:height\" content=\"500\" \/>\n\t<meta property=\"og:image:type\" content=\"image\/jpeg\" \/>\n<meta name=\"twitter:card\" content=\"summary_large_image\" \/>\n<script type=\"application\/ld+json\" class=\"yoast-schema-graph\">{\"@context\":\"https:\/\/schema.org\",\"@graph\":[{\"@type\":\"WebPage\",\"@id\":\"https:\/\/getreall.clicksend.com.mx\/hopeivf\/reproduccion-asistida\/fertilizacion-in-vitro\/minifiv\/\",\"url\":\"https:\/\/getreall.clicksend.com.mx\/hopeivf\/reproduccion-asistida\/fertilizacion-in-vitro\/minifiv\/\",\"name\":\"Mini Fertilizaci\u00f3n In Vitro - New Hope Fertility\",\"isPartOf\":{\"@id\":\"https:\/\/getreall.clicksend.com.mx\/hopeivf\/#website\"},\"primaryImageOfPage\":{\"@id\":\"https:\/\/getreall.clicksend.com.mx\/hopeivf\/reproduccion-asistida\/fertilizacion-in-vitro\/minifiv\/#primaryimage\"},\"image\":{\"@id\":\"https:\/\/getreall.clicksend.com.mx\/hopeivf\/reproduccion-asistida\/fertilizacion-in-vitro\/minifiv\/#primaryimage\"},\"thumbnailUrl\":\"https:\/\/getreall.clicksend.com.mx\/hopeivf\/wp-content\/uploads\/2018\/07\/minifiv-940x500-1.jpg\",\"datePublished\":\"2021-06-23T00:00:55+00:00\",\"dateModified\":\"2021-08-31T23:06:36+00:00\",\"description\":\"Escoge una alternativa de fertilizaci\u00f3n in vitro menos invasiva. Embar\u00e1zate desde el primer ciclo. El trato en nuestra cl\u00ednica de fertilidad es personal.\",\"breadcrumb\":{\"@id\":\"https:\/\/getreall.clicksend.com.mx\/hopeivf\/reproduccion-asistida\/fertilizacion-in-vitro\/minifiv\/#breadcrumb\"},\"inLanguage\":\"es\",\"potentialAction\":[{\"@type\":\"ReadAction\",\"target\":[\"https:\/\/getreall.clicksend.com.mx\/hopeivf\/reproduccion-asistida\/fertilizacion-in-vitro\/minifiv\/\"]}]},{\"@type\":\"ImageObject\",\"inLanguage\":\"es\",\"@id\":\"https:\/\/getreall.clicksend.com.mx\/hopeivf\/reproduccion-asistida\/fertilizacion-in-vitro\/minifiv\/#primaryimage\",\"url\":\"https:\/\/getreall.clicksend.com.mx\/hopeivf\/wp-content\/uploads\/2018\/07\/minifiv-940x500-1.jpg\",\"contentUrl\":\"https:\/\/getreall.clicksend.com.mx\/hopeivf\/wp-content\/uploads\/2018\/07\/minifiv-940x500-1.jpg\",\"width\":940,\"height\":500},{\"@type\":\"BreadcrumbList\",\"@id\":\"https:\/\/getreall.clicksend.com.mx\/hopeivf\/reproduccion-asistida\/fertilizacion-in-vitro\/minifiv\/#breadcrumb\",\"itemListElement\":[{\"@type\":\"ListItem\",\"position\":1,\"name\":\"Home\",\"item\":\"https:\/\/getreall.clicksend.com.mx\/hopeivf\/\"},{\"@type\":\"ListItem\",\"position\":2,\"name\":\"Logra el embarazo con reproducci\u00f3n asistida\",\"item\":\"https:\/\/getreall.clicksend.com.mx\/hopeivf\/reproduccion-asistida\/\"},{\"@type\":\"ListItem\",\"position\":3,\"name\":\"Fertilizaci\u00f3n In Vitro\",\"item\":\"https:\/\/getreall.clicksend.com.mx\/hopeivf\/reproduccion-asistida\/fertilizacion-in-vitro\/\"},{\"@type\":\"ListItem\",\"position\":4,\"name\":\"Mini Fertilizaci\u00f3n In Vitro\"}]},{\"@type\":\"WebSite\",\"@id\":\"https:\/\/getreall.clicksend.com.mx\/hopeivf\/#website\",\"url\":\"https:\/\/getreall.clicksend.com.mx\/hopeivf\/\",\"name\":\"New Hope Fertility\",\"description\":\"\u00bfProblemas para concebir? Ac\u00e9rcate a nuestra cl\u00ednica de fertilidad, en donde manejamos la mejor tecnolog\u00eda en medicina reproductiva para asegurar una fecundaci\u00f3n no invasiva.\",\"publisher\":{\"@id\":\"https:\/\/getreall.clicksend.com.mx\/hopeivf\/#organization\"},\"potentialAction\":[{\"@type\":\"SearchAction\",\"target\":{\"@type\":\"EntryPoint\",\"urlTemplate\":\"https:\/\/getreall.clicksend.com.mx\/hopeivf\/?s={search_term_string}\"},\"query-input\":{\"@type\":\"PropertyValueSpecification\",\"valueRequired\":true,\"valueName\":\"search_term_string\"}}],\"inLanguage\":\"es\"},{\"@type\":\"Organization\",\"@id\":\"https:\/\/getreall.clicksend.com.mx\/hopeivf\/#organization\",\"name\":\"New hope fertility center\",\"url\":\"https:\/\/getreall.clicksend.com.mx\/hopeivf\/\",\"logo\":{\"@type\":\"ImageObject\",\"inLanguage\":\"es\",\"@id\":\"https:\/\/getreall.clicksend.com.mx\/hopeivf\/#\/schema\/logo\/image\/\",\"url\":\"https:\/\/getreall.clicksend.com.mx\/hopeivf\/\/wp-content\/uploads\/2021\/08\/logo.png\",\"contentUrl\":\"https:\/\/getreall.clicksend.com.mx\/hopeivf\/\/wp-content\/uploads\/2021\/08\/logo.png\",\"width\":146,\"height\":64,\"caption\":\"New hope fertility center\"},\"image\":{\"@id\":\"https:\/\/getreall.clicksend.com.mx\/hopeivf\/#\/schema\/logo\/image\/\"}}]}<\/script>\n<!-- \/ Yoast SEO plugin. -->","yoast_head_json":{"title":"Mini Fertilizaci\u00f3n In Vitro - New Hope Fertility","description":"Escoge una alternativa de fertilizaci\u00f3n in vitro menos invasiva. Embar\u00e1zate desde el primer ciclo. El trato en nuestra cl\u00ednica de fertilidad es personal.","robots":{"index":"index","follow":"follow","max-snippet":"max-snippet:-1","max-image-preview":"max-image-preview:large","max-video-preview":"max-video-preview:-1"},"canonical":"https:\/\/getreall.clicksend.com.mx\/hopeivf\/reproduccion-asistida\/fertilizacion-in-vitro\/minifiv\/","og_locale":"es_MX","og_type":"article","og_title":"Mini Fertilizaci\u00f3n In Vitro - New Hope Fertility","og_description":"Escoge una alternativa de fertilizaci\u00f3n in vitro menos invasiva. Embar\u00e1zate desde el primer ciclo. El trato en nuestra cl\u00ednica de fertilidad es personal.","og_url":"https:\/\/getreall.clicksend.com.mx\/hopeivf\/reproduccion-asistida\/fertilizacion-in-vitro\/minifiv\/","og_site_name":"New Hope Fertility","article_modified_time":"2021-08-31T23:06:36+00:00","og_image":[{"width":940,"height":500,"url":"https:\/\/getreall.clicksend.com.mx\/hopeivf\/\/wp-content\/uploads\/2018\/07\/minifiv-940x500-1.jpg","type":"image\/jpeg"}],"twitter_card":"summary_large_image","schema":{"@context":"https:\/\/schema.org","@graph":[{"@type":"WebPage","@id":"https:\/\/getreall.clicksend.com.mx\/hopeivf\/reproduccion-asistida\/fertilizacion-in-vitro\/minifiv\/","url":"https:\/\/getreall.clicksend.com.mx\/hopeivf\/reproduccion-asistida\/fertilizacion-in-vitro\/minifiv\/","name":"Mini Fertilizaci\u00f3n In Vitro - New Hope Fertility","isPartOf":{"@id":"https:\/\/getreall.clicksend.com.mx\/hopeivf\/#website"},"primaryImageOfPage":{"@id":"https:\/\/getreall.clicksend.com.mx\/hopeivf\/reproduccion-asistida\/fertilizacion-in-vitro\/minifiv\/#primaryimage"},"image":{"@id":"https:\/\/getreall.clicksend.com.mx\/hopeivf\/reproduccion-asistida\/fertilizacion-in-vitro\/minifiv\/#primaryimage"},"thumbnailUrl":"https:\/\/getreall.clicksend.com.mx\/hopeivf\/wp-content\/uploads\/2018\/07\/minifiv-940x500-1.jpg","datePublished":"2021-06-23T00:00:55+00:00","dateModified":"2021-08-31T23:06:36+00:00","description":"Escoge una alternativa de fertilizaci\u00f3n in vitro menos invasiva. Embar\u00e1zate desde el primer ciclo. El trato en nuestra cl\u00ednica de fertilidad es personal.","breadcrumb":{"@id":"https:\/\/getreall.clicksend.com.mx\/hopeivf\/reproduccion-asistida\/fertilizacion-in-vitro\/minifiv\/#breadcrumb"},"inLanguage":"es","potentialAction":[{"@type":"ReadAction","target":["https:\/\/getreall.clicksend.com.mx\/hopeivf\/reproduccion-asistida\/fertilizacion-in-vitro\/minifiv\/"]}]},{"@type":"ImageObject","inLanguage":"es","@id":"https:\/\/getreall.clicksend.com.mx\/hopeivf\/reproduccion-asistida\/fertilizacion-in-vitro\/minifiv\/#primaryimage","url":"https:\/\/getreall.clicksend.com.mx\/hopeivf\/wp-content\/uploads\/2018\/07\/minifiv-940x500-1.jpg","contentUrl":"https:\/\/getreall.clicksend.com.mx\/hopeivf\/wp-content\/uploads\/2018\/07\/minifiv-940x500-1.jpg","width":940,"height":500},{"@type":"BreadcrumbList","@id":"https:\/\/getreall.clicksend.com.mx\/hopeivf\/reproduccion-asistida\/fertilizacion-in-vitro\/minifiv\/#breadcrumb","itemListElement":[{"@type":"ListItem","position":1,"name":"Home","item":"https:\/\/getreall.clicksend.com.mx\/hopeivf\/"},{"@type":"ListItem","position":2,"name":"Logra el embarazo con reproducci\u00f3n asistida","item":"https:\/\/getreall.clicksend.com.mx\/hopeivf\/reproduccion-asistida\/"},{"@type":"ListItem","position":3,"name":"Fertilizaci\u00f3n In Vitro","item":"https:\/\/getreall.clicksend.com.mx\/hopeivf\/reproduccion-asistida\/fertilizacion-in-vitro\/"},{"@type":"ListItem","position":4,"name":"Mini Fertilizaci\u00f3n In Vitro"}]},{"@type":"WebSite","@id":"https:\/\/getreall.clicksend.com.mx\/hopeivf\/#website","url":"https:\/\/getreall.clicksend.com.mx\/hopeivf\/","name":"New Hope Fertility","description":"\u00bfProblemas para concebir? Ac\u00e9rcate a nuestra cl\u00ednica de fertilidad, en donde manejamos la mejor tecnolog\u00eda en medicina reproductiva para asegurar una fecundaci\u00f3n no invasiva.","publisher":{"@id":"https:\/\/getreall.clicksend.com.mx\/hopeivf\/#organization"},"potentialAction":[{"@type":"SearchAction","target":{"@type":"EntryPoint","urlTemplate":"https:\/\/getreall.clicksend.com.mx\/hopeivf\/?s={search_term_string}"},"query-input":{"@type":"PropertyValueSpecification","valueRequired":true,"valueName":"search_term_string"}}],"inLanguage":"es"},{"@type":"Organization","@id":"https:\/\/getreall.clicksend.com.mx\/hopeivf\/#organization","name":"New hope fertility center","url":"https:\/\/getreall.clicksend.com.mx\/hopeivf\/","logo":{"@type":"ImageObject","inLanguage":"es","@id":"https:\/\/getreall.clicksend.com.mx\/hopeivf\/#\/schema\/logo\/image\/","url":"https:\/\/getreall.clicksend.com.mx\/hopeivf\/\/wp-content\/uploads\/2021\/08\/logo.png","contentUrl":"https:\/\/getreall.clicksend.com.mx\/hopeivf\/\/wp-content\/uploads\/2021\/08\/logo.png","width":146,"height":64,"caption":"New hope fertility center"},"image":{"@id":"https:\/\/getreall.clicksend.com.mx\/hopeivf\/#\/schema\/logo\/image\/"}}]}},"_links":{"self":[{"href":"https:\/\/getreall.clicksend.com.mx\/hopeivf\/wp-json\/wp\/v2\/pages\/11231","targetHints":{"allow":["GET"]}}],"collection":[{"href":"https:\/\/getreall.clicksend.com.mx\/hopeivf\/wp-json\/wp\/v2\/pages"}],"about":[{"href":"https:\/\/getreall.clicksend.com.mx\/hopeivf\/wp-json\/wp\/v2\/types\/page"}],"author":[{"embeddable":true,"href":"https:\/\/getreall.clicksend.com.mx\/hopeivf\/wp-json\/wp\/v2\/users\/8"}],"replies":[{"embeddable":true,"href":"https:\/\/getreall.clicksend.com.mx\/hopeivf\/wp-json\/wp\/v2\/comments?post=11231"}],"version-history":[{"count":1,"href":"https:\/\/getreall.clicksend.com.mx\/hopeivf\/wp-json\/wp\/v2\/pages\/11231\/revisions"}],"predecessor-version":[{"id":11731,"href":"https:\/\/getreall.clicksend.com.mx\/hopeivf\/wp-json\/wp\/v2\/pages\/11231\/revisions\/11731"}],"up":[{"embeddable":true,"href":"https:\/\/getreall.clicksend.com.mx\/hopeivf\/wp-json\/wp\/v2\/pages\/11227"}],"wp:featuredmedia":[{"embeddable":true,"href":"https:\/\/getreall.clicksend.com.mx\/hopeivf\/wp-json\/wp\/v2\/media\/11327"}],"wp:attachment":[{"href":"https:\/\/getreall.clicksend.com.mx\/hopeivf\/wp-json\/wp\/v2\/media?parent=11231"}],"curies":[{"name":"wp","href":"https:\/\/api.w.org\/{rel}","templated":true}]}}